{"id":94993,"date":"2019-09-24T23:40:11","date_gmt":"2019-09-24T23:40:11","guid":{"rendered":"http:\/\/wireframe.madebysuperfly.com\/cart\/"},"modified":"2025-01-08T17:14:56","modified_gmt":"2025-01-08T17:14:56","slug":"krepselis","status":"publish","type":"page","link":"https:\/\/djakademija.lt\/en\/krepselis\/","title":{"rendered":"Krep\u0161elis"},"content":{"rendered":"<div data-elementor-type=\"wp-page\" data-elementor-id=\"94993\" class=\"elementor elementor-94993\" data-elementor-post-type=\"page\">\n\t\t\t\t\t\t<section data-particle_enable=\"false\" data-particle-mobile-disabled=\"false\" class=\"elementor-section elementor-top-section elementor-element elementor-element-2dbfa954 elementor-section-boxed elementor-section-height-default elementor-section-height-default\" data-id=\"2dbfa954\" data-element_type=\"section\" data-e-type=\"section\">\n\t\t\t\t\t\t<div class=\"elementor-container elementor-column-gap-default\">\n\t\t\t\t\t<div class=\"elementor-column elementor-col-100 elementor-top-column elementor-element elementor-element-fc51ad8\" data-id=\"fc51ad8\" data-element_type=\"column\" data-e-type=\"column\">\n\t\t\t<div class=\"elementor-widget-wrap elementor-element-populated\">\n\t\t\t\t\t\t<div class=\"elementor-element elementor-element-85e9ee2 elementor-widget elementor-widget-heading\" data-id=\"85e9ee2\" data-element_type=\"widget\" data-e-type=\"widget\" data-widget_type=\"heading.default\">\n\t\t\t\t\t<h2 class=\"elementor-heading-title elementor-size-default\">Preki\u0173 krep\u0161elis<\/h2>\t\t\t\t<\/div>\n\t\t\t\t<div class=\"elementor-element elementor-element-be7779c elementor-widget elementor-widget-eael-woo-cart\" data-id=\"be7779c\" data-element_type=\"widget\" data-e-type=\"widget\" data-settings=\"{&quot;eael_woo_cart_table_components_remove_icon&quot;:{&quot;value&quot;:&quot;fas fa-times&quot;,&quot;library&quot;:&quot;fa-solid&quot;},&quot;eael_woo_cart_components_continue_shopping_icon&quot;:{&quot;value&quot;:&quot;fas fa-chevron-left&quot;,&quot;library&quot;:&quot;fa-solid&quot;}}\" data-widget_type=\"eael-woo-cart.default\">\n\t\t\t\t\t\t\t\t\t<div class=\"eael-woo-cart-wrapper eael-woo-cart-empty eael-woo-style-2 eael-auto-update33\">\n\t\t\t\t<div class=\"woocommerce-notices-wrapper\"><\/div><div class=\"wc-empty-cart-message\">\n\t<div class=\"cart-empty woocommerce-info\" role=\"status\">\n\t\tJ\u016bs\u0173 krep\u0161elis \u0161iuo metu tu\u0161\u010dias.\t<\/div>\n<\/div>\t<p class=\"return-to-shop\">\n\t\t<a class=\"button wc-backward\" href=\"https:\/\/djakademija.lt\/en\/parduotuve\/\">\n\t\t\tReturn to shop\t\t<\/a>\n\t<\/p>\n                <\/div>\n\t\t\t\t        <script>document.body.classList.add(\"eael-woo-cart\");<\/script>\n\t\t\t\t\t\t<\/div>\n\t\t\t\t\t<\/div>\n\t\t<\/div>\n\t\t\t\t\t<\/div>\n\t\t<\/section>\n\t\t\t\t<section data-particle_enable=\"false\" data-particle-mobile-disabled=\"false\" class=\"elementor-section elementor-top-section elementor-element elementor-element-a6af1d0 elementor-hidden-desktop elementor-hidden-tablet elementor-hidden-mobile elementor-section-boxed elementor-section-height-default elementor-section-height-default\" data-id=\"a6af1d0\" data-element_type=\"section\" data-e-type=\"section\">\n\t\t\t\t\t\t<div class=\"elementor-container elementor-column-gap-default\">\n\t\t\t\t\t<div class=\"elementor-column elementor-col-100 elementor-top-column elementor-element elementor-element-47a744d\" data-id=\"47a744d\" data-element_type=\"column\" data-e-type=\"column\">\n\t\t\t<div class=\"elementor-widget-wrap elementor-element-populated\">\n\t\t\t\t\t\t<div class=\"elementor-element elementor-element-a08ace8 elementor-widget elementor-widget-heading\" data-id=\"a08ace8\" data-element_type=\"widget\" data-e-type=\"widget\" data-widget_type=\"heading.default\">\n\t\t\t\t\t<h2 class=\"elementor-heading-title elementor-size-default\">Kitos prek\u0117s<\/h2>\t\t\t\t<\/div>\n\t\t\t\t<div class=\"elementor-element elementor-element-554cb56 elementor-product-loop-item--align-center elementor-grid-4 elementor-grid-tablet-3 elementor-grid-mobile-2 elementor-products-grid elementor-wc-products elementor-widget elementor-widget-woocommerce-products\" data-id=\"554cb56\" data-element_type=\"widget\" data-e-type=\"widget\" data-widget_type=\"woocommerce-products.default\">\n\t\t\t\t<div class=\"elementor-widget-container\">\n\t\t\t\t\t<div class=\"woocommerce columns-4\"><ul class=\"products elementor-grid columns-4\">\n<li class=\"product type-product post-100932 status-publish first instock product_cat-prekes has-post-thumbnail shipping-taxable purchasable product-type-variable has-default-attributes\">\n\t<a href=\"https:\/\/djakademija.lt\/en\/product\/cue-lipduku-rinkinys\/\" class=\"woocommerce-LoopProduct-link woocommerce-loop-product__link\"><img fetchpriority=\"high\" decoding=\"async\" width=\"300\" height=\"300\" src=\"https:\/\/djakademija.lt\/wp-content\/uploads\/2022\/04\/DJA-cue-piont-mockup-CL-1-300x300.png\" class=\"attachment-woocommerce_thumbnail size-woocommerce_thumbnail\" alt=\"Cue Lipduk\u0173 Rinkinys\" srcset=\"https:\/\/djakademija.lt\/wp-content\/uploads\/2022\/04\/DJA-cue-piont-mockup-CL-1-300x300.png 300w, https:\/\/djakademija.lt\/wp-content\/uploads\/2022\/04\/DJA-cue-piont-mockup-CL-1-150x150.png 150w, https:\/\/djakademija.lt\/wp-content\/uploads\/2022\/04\/DJA-cue-piont-mockup-CL-1-768x768.png 768w, https:\/\/djakademija.lt\/wp-content\/uploads\/2022\/04\/DJA-cue-piont-mockup-CL-1-600x600.png 600w, https:\/\/djakademija.lt\/wp-content\/uploads\/2022\/04\/DJA-cue-piont-mockup-CL-1-100x100.png 100w, https:\/\/djakademija.lt\/wp-content\/uploads\/2022\/04\/DJA-cue-piont-mockup-CL-1-50x50.png 50w, https:\/\/djakademija.lt\/wp-content\/uploads\/2022\/04\/DJA-cue-piont-mockup-CL-1.png 1000w\" sizes=\"(max-width: 300px) 100vw, 300px\" data-xoowscfly=\"fly\" \/><h2 class=\"woocommerce-loop-product__title\">Cue Lipduk\u0173 Rinkinys<\/h2><div class=\"star-rating\" role=\"img\" aria-label=\"Rated 5.00 out of 5\" data-no-translation-aria-label=\"\"><span style=\"width:100%\" data-no-translation=\"\" data-trp-gettext=\"\">Rated <strong class=\"rating\">5.00<\/strong> out of 5<\/span><\/div>\n\t<span class=\"price\"><span class=\"woocommerce-Price-amount amount\"><bdi>15,00<span class=\"woocommerce-Price-currencySymbol\">&euro;<\/span><\/bdi><\/span><\/span>\n<\/a><a href=\"https:\/\/djakademija.lt\/en\/product\/cue-lipduku-rinkinys\/\" aria-describedby=\"woocommerce_loop_add_to_cart_link_describedby_100932\" data-quantity=\"1\" class=\"button product_type_variable add_to_cart_button\" data-product_id=\"100932\" data-product_sku=\"\" aria-label=\"Select options for \u201cCue Lipduk\u0173 Rinkinys\u201d\" rel=\"nofollow\" data-no-translation=\"\" data-trp-gettext=\"\" data-no-translation-aria-label=\"\">Select options<\/a>\t<span id=\"woocommerce_loop_add_to_cart_link_describedby_100932\" class=\"screen-reader-text\">\n\t\tThis product has multiple variants. The options may be chosen on the product page\t<\/span>\n<span class=\"gtm4wp_productdata\" style=\"display:none; visibility:hidden;\" data-gtm4wp_product_data=\"{&quot;internal_id&quot;:100932,&quot;item_id&quot;:100932,&quot;item_name&quot;:&quot;Cue Lipduk\\u0173 Rinkinys&quot;,&quot;sku&quot;:100932,&quot;price&quot;:15,&quot;stocklevel&quot;:null,&quot;stockstatus&quot;:&quot;instock&quot;,&quot;google_business_vertical&quot;:&quot;retail&quot;,&quot;item_category&quot;:&quot;Prek\\u0117s&quot;,&quot;id&quot;:100932,&quot;productlink&quot;:&quot;https:\\\/\\\/djakademija.lt\\\/en\\\/product\\\/cue-lipduku-rinkinys\\\/&quot;,&quot;item_list_name&quot;:&quot;General Product List&quot;,&quot;index&quot;:1,&quot;product_type&quot;:&quot;variable&quot;,&quot;item_brand&quot;:&quot;&quot;}\"><\/span><\/li>\n<li class=\"product type-product post-100837 status-publish instock product_cat-prekes has-post-thumbnail shipping-taxable purchasable product-type-variable\">\n\t<a href=\"https:\/\/djakademija.lt\/en\/product\/dovanu-kuponas\/\" class=\"woocommerce-LoopProduct-link woocommerce-loop-product__link\"><img decoding=\"async\" width=\"300\" height=\"300\" src=\"https:\/\/djakademija.lt\/wp-content\/uploads\/2022\/04\/DJA-GIFT-new-300x300.png\" class=\"attachment-woocommerce_thumbnail size-woocommerce_thumbnail\" alt=\"Dovan\u0173 Kuponas\" srcset=\"https:\/\/djakademija.lt\/wp-content\/uploads\/2022\/04\/DJA-GIFT-new-300x300.png 300w, https:\/\/djakademija.lt\/wp-content\/uploads\/2022\/04\/DJA-GIFT-new-150x150.png 150w, https:\/\/djakademija.lt\/wp-content\/uploads\/2022\/04\/DJA-GIFT-new-768x768.png 768w, https:\/\/djakademija.lt\/wp-content\/uploads\/2022\/04\/DJA-GIFT-new-600x600.png 600w, https:\/\/djakademija.lt\/wp-content\/uploads\/2022\/04\/DJA-GIFT-new-100x100.png 100w, https:\/\/djakademija.lt\/wp-content\/uploads\/2022\/04\/DJA-GIFT-new-50x50.png 50w, https:\/\/djakademija.lt\/wp-content\/uploads\/2022\/04\/DJA-GIFT-new.png 1000w\" sizes=\"(max-width: 300px) 100vw, 300px\" data-xoowscfly=\"fly\" \/><h2 class=\"woocommerce-loop-product__title\">Dovan\u0173 Kuponas<\/h2><div class=\"star-rating\" role=\"img\" aria-label=\"Rated 5.00 out of 5\" data-no-translation-aria-label=\"\"><span style=\"width:100%\" data-no-translation=\"\" data-trp-gettext=\"\">Rated <strong class=\"rating\">5.00<\/strong> out of 5<\/span><\/div>\n\t<span class=\"price\"><span class=\"woocommerce-Price-amount amount\" aria-hidden=\"true\"><bdi>25,00<span class=\"woocommerce-Price-currencySymbol\">&euro;<\/span><\/bdi><\/span> <span aria-hidden=\"true\">&ndash;<\/span> <span class=\"woocommerce-Price-amount amount\" aria-hidden=\"true\"><bdi>250,00<span class=\"woocommerce-Price-currencySymbol\">&euro;<\/span><\/bdi><\/span><span class=\"screen-reader-text\" data-no-translation=\"\" data-trp-gettext=\"\">Price range: 25,00&euro; through 250,00&euro;<\/span><\/span>\n<\/a><a href=\"https:\/\/djakademija.lt\/en\/product\/dovanu-kuponas\/\" aria-describedby=\"woocommerce_loop_add_to_cart_link_describedby_100837\" data-quantity=\"1\" class=\"button product_type_variable add_to_cart_button\" data-product_id=\"100837\" data-product_sku=\"\" aria-label=\"Select options for \u201cDovan\u0173 Kuponas\u201d\" rel=\"nofollow\" data-no-translation=\"\" data-trp-gettext=\"\" data-no-translation-aria-label=\"\">Select options<\/a>\t<span id=\"woocommerce_loop_add_to_cart_link_describedby_100837\" class=\"screen-reader-text\">\n\t\tThis product has multiple variants. The options may be chosen on the product page\t<\/span>\n<span class=\"gtm4wp_productdata\" style=\"display:none; visibility:hidden;\" data-gtm4wp_product_data=\"{&quot;internal_id&quot;:100837,&quot;item_id&quot;:100837,&quot;item_name&quot;:&quot;Dovan\\u0173 Kuponas&quot;,&quot;sku&quot;:100837,&quot;price&quot;:25,&quot;stocklevel&quot;:null,&quot;stockstatus&quot;:&quot;instock&quot;,&quot;google_business_vertical&quot;:&quot;retail&quot;,&quot;item_category&quot;:&quot;Prek\\u0117s&quot;,&quot;id&quot;:100837,&quot;productlink&quot;:&quot;https:\\\/\\\/djakademija.lt\\\/en\\\/product\\\/dovanu-kuponas\\\/&quot;,&quot;item_list_name&quot;:&quot;General Product List&quot;,&quot;index&quot;:2,&quot;product_type&quot;:&quot;variable&quot;,&quot;item_brand&quot;:&quot;&quot;}\"><\/span><\/li>\n<\/ul>\n<\/div>\t\t\t\t<\/div>\n\t\t\t\t<\/div>\n\t\t\t\t\t<\/div>\n\t\t<\/div>\n\t\t\t\t\t<\/div>\n\t\t<\/section>\n\t\t\t\t<\/div>","protected":false},"excerpt":{"rendered":"<p>Preki\u0173 krep\u0161elis Produktas Kaina Kiekis Tarpin\u0117 suma Dovan\u0173 Kuponas &#8211; 200,00 200,00&euro; produkto kiekis: Dovan\u0173 Kuponas &#8211; 200,00 200,00&euro; DJA Hoodie D\u017eemperis 95,00&euro; produkto kiekis: DJA Hoodie D\u017eemperis 95,00&euro; Coupon: Priskirti T\u0119sti apsipirkim\u0105 Subtotal 295,00&euro; Total 295,00&euro; Pirkti Kitos prek\u0117s<\/p>","protected":false},"author":1,"featured_media":0,"parent":0,"menu_order":0,"comment_status":"closed","ping_status":"closed","template":"","meta":{"_acf_changed":false,"footnotes":""},"class_list":["post-94993","page","type-page","status-publish","hentry"],"acf":[],"yoast_head":"<!-- This site is optimized with the Yoast SEO plugin v27.5 - https:\/\/yoast.com\/product\/yoast-seo-wordpress\/ -->\n<title>Krep\u0161elis - DJ Akademija<\/title>\n<meta name=\"robots\" content=\"index, follow, max-snippet:-1, max-image-preview:large, max-video-preview:-1\" \/>\n<link rel=\"canonical\" href=\"https:\/\/djakademija.lt\/en\/krepselis\/\" \/>\n<meta property=\"og:locale\" content=\"en_US\" \/>\n<meta property=\"og:type\" content=\"article\" \/>\n<meta property=\"og:title\" content=\"Krep\u0161elis - DJ Akademija\" \/>\n<meta property=\"og:description\" content=\"Preki\u0173 krep\u0161elis Produktas Kaina Kiekis Tarpin\u0117 suma Dovan\u0173 Kuponas &#8211; 200,00 200,00&euro; produkto kiekis: Dovan\u0173 Kuponas &#8211; 200,00 200,00&euro; DJA Hoodie D\u017eemperis 95,00&euro; produkto kiekis: DJA Hoodie D\u017eemperis 95,00&euro; Coupon: Priskirti T\u0119sti apsipirkim\u0105 Subtotal 295,00&euro; Total 295,00&euro; Pirkti Kitos prek\u0117s\" \/>\n<meta property=\"og:url\" content=\"https:\/\/djakademija.lt\/en\/krepselis\/\" \/>\n<meta property=\"og:site_name\" content=\"DJ Akademija\" \/>\n<meta property=\"article:modified_time\" content=\"2025-01-08T17:14:56+00:00\" \/>\n<meta property=\"og:image\" content=\"https:\/\/djakademija.lt\/wp-content\/uploads\/2022\/04\/DJA-GIFT-new-300x300.png\" \/>\n<meta name=\"twitter:card\" content=\"summary_large_image\" \/>\n<meta name=\"twitter:label1\" content=\"Est. reading time\" \/>\n\t<meta name=\"twitter:data1\" content=\"1 minute\" \/>\n<script type=\"application\/ld+json\" class=\"yoast-schema-graph\">{\"@context\":\"https:\\\/\\\/schema.org\",\"@graph\":[{\"@type\":\"WebPage\",\"@id\":\"https:\\\/\\\/djakademija.lt\\\/krepselis\\\/\",\"url\":\"https:\\\/\\\/djakademija.lt\\\/krepselis\\\/\",\"name\":\"Krep\u0161elis - DJ Akademija\",\"isPartOf\":{\"@id\":\"https:\\\/\\\/djakademija.lt\\\/#website\"},\"primaryImageOfPage\":{\"@id\":\"https:\\\/\\\/djakademija.lt\\\/krepselis\\\/#primaryimage\"},\"image\":{\"@id\":\"https:\\\/\\\/djakademija.lt\\\/krepselis\\\/#primaryimage\"},\"thumbnailUrl\":\"https:\\\/\\\/djakademija.lt\\\/wp-content\\\/uploads\\\/2022\\\/04\\\/DJA-GIFT-new-300x300.png\",\"datePublished\":\"2019-09-24T23:40:11+00:00\",\"dateModified\":\"2025-01-08T17:14:56+00:00\",\"breadcrumb\":{\"@id\":\"https:\\\/\\\/djakademija.lt\\\/krepselis\\\/#breadcrumb\"},\"inLanguage\":\"en-US\",\"potentialAction\":[{\"@type\":\"ReadAction\",\"target\":[\"https:\\\/\\\/djakademija.lt\\\/krepselis\\\/\"]}]},{\"@type\":\"ImageObject\",\"inLanguage\":\"en-US\",\"@id\":\"https:\\\/\\\/djakademija.lt\\\/krepselis\\\/#primaryimage\",\"url\":\"https:\\\/\\\/djakademija.lt\\\/wp-content\\\/uploads\\\/2022\\\/04\\\/DJA-GIFT-new-300x300.png\",\"contentUrl\":\"https:\\\/\\\/djakademija.lt\\\/wp-content\\\/uploads\\\/2022\\\/04\\\/DJA-GIFT-new-300x300.png\"},{\"@type\":\"BreadcrumbList\",\"@id\":\"https:\\\/\\\/djakademija.lt\\\/krepselis\\\/#breadcrumb\",\"itemListElement\":[{\"@type\":\"ListItem\",\"position\":1,\"name\":\"Home\",\"item\":\"https:\\\/\\\/djakademija.lt\\\/\"},{\"@type\":\"ListItem\",\"position\":2,\"name\":\"Krep\u0161elis\"}]},{\"@type\":\"WebSite\",\"@id\":\"https:\\\/\\\/djakademija.lt\\\/#website\",\"url\":\"https:\\\/\\\/djakademija.lt\\\/\",\"name\":\"DJ Akademija\",\"description\":\"\",\"publisher\":{\"@id\":\"https:\\\/\\\/djakademija.lt\\\/#organization\"},\"potentialAction\":[{\"@type\":\"SearchAction\",\"target\":{\"@type\":\"EntryPoint\",\"urlTemplate\":\"https:\\\/\\\/djakademija.lt\\\/?s={search_term_string}\"},\"query-input\":{\"@type\":\"PropertyValueSpecification\",\"valueRequired\":true,\"valueName\":\"search_term_string\"}}],\"inLanguage\":\"en-US\"},{\"@type\":\"Organization\",\"@id\":\"https:\\\/\\\/djakademija.lt\\\/#organization\",\"name\":\"DJ Akademija\",\"url\":\"https:\\\/\\\/djakademija.lt\\\/\",\"logo\":{\"@type\":\"ImageObject\",\"inLanguage\":\"en-US\",\"@id\":\"https:\\\/\\\/djakademija.lt\\\/#\\\/schema\\\/logo\\\/image\\\/\",\"url\":\"https:\\\/\\\/djakademija.lt\\\/wp-content\\\/uploads\\\/2023\\\/04\\\/Inner-Web-cover.jpg\",\"contentUrl\":\"https:\\\/\\\/djakademija.lt\\\/wp-content\\\/uploads\\\/2023\\\/04\\\/Inner-Web-cover.jpg\",\"width\":1801,\"height\":1013,\"caption\":\"DJ Akademija\"},\"image\":{\"@id\":\"https:\\\/\\\/djakademija.lt\\\/#\\\/schema\\\/logo\\\/image\\\/\"}}]}<\/script>\n<!-- \/ Yoast SEO plugin. -->","yoast_head_json":{"title":"Krep\u0161elis - DJ Akademija","robots":{"index":"index","follow":"follow","max-snippet":"max-snippet:-1","max-image-preview":"max-image-preview:large","max-video-preview":"max-video-preview:-1"},"canonical":"https:\/\/djakademija.lt\/en\/krepselis\/","og_locale":"en_US","og_type":"article","og_title":"Krep\u0161elis - DJ Akademija","og_description":"Preki\u0173 krep\u0161elis Produktas Kaina Kiekis Tarpin\u0117 suma Dovan\u0173 Kuponas &#8211; 200,00 200,00&euro; produkto kiekis: Dovan\u0173 Kuponas &#8211; 200,00 200,00&euro; DJA Hoodie D\u017eemperis 95,00&euro; produkto kiekis: DJA Hoodie D\u017eemperis 95,00&euro; Coupon: Priskirti T\u0119sti apsipirkim\u0105 Subtotal 295,00&euro; Total 295,00&euro; Pirkti Kitos prek\u0117s","og_url":"https:\/\/djakademija.lt\/en\/krepselis\/","og_site_name":"DJ Akademija","article_modified_time":"2025-01-08T17:14:56+00:00","og_image":[{"url":"https:\/\/djakademija.lt\/wp-content\/uploads\/2022\/04\/DJA-GIFT-new-300x300.png","type":"","width":"","height":""}],"twitter_card":"summary_large_image","twitter_misc":{"Est. reading time":"1 minute"},"schema":{"@context":"https:\/\/schema.org","@graph":[{"@type":"WebPage","@id":"https:\/\/djakademija.lt\/krepselis\/","url":"https:\/\/djakademija.lt\/krepselis\/","name":"Krep\u0161elis - DJ Akademija","isPartOf":{"@id":"https:\/\/djakademija.lt\/#website"},"primaryImageOfPage":{"@id":"https:\/\/djakademija.lt\/krepselis\/#primaryimage"},"image":{"@id":"https:\/\/djakademija.lt\/krepselis\/#primaryimage"},"thumbnailUrl":"https:\/\/djakademija.lt\/wp-content\/uploads\/2022\/04\/DJA-GIFT-new-300x300.png","datePublished":"2019-09-24T23:40:11+00:00","dateModified":"2025-01-08T17:14:56+00:00","breadcrumb":{"@id":"https:\/\/djakademija.lt\/krepselis\/#breadcrumb"},"inLanguage":"en-US","potentialAction":[{"@type":"ReadAction","target":["https:\/\/djakademija.lt\/krepselis\/"]}]},{"@type":"ImageObject","inLanguage":"en-US","@id":"https:\/\/djakademija.lt\/krepselis\/#primaryimage","url":"https:\/\/djakademija.lt\/wp-content\/uploads\/2022\/04\/DJA-GIFT-new-300x300.png","contentUrl":"https:\/\/djakademija.lt\/wp-content\/uploads\/2022\/04\/DJA-GIFT-new-300x300.png"},{"@type":"BreadcrumbList","@id":"https:\/\/djakademija.lt\/krepselis\/#breadcrumb","itemListElement":[{"@type":"ListItem","position":1,"name":"Home","item":"https:\/\/djakademija.lt\/"},{"@type":"ListItem","position":2,"name":"Krep\u0161elis"}]},{"@type":"WebSite","@id":"https:\/\/djakademija.lt\/#website","url":"https:\/\/djakademija.lt\/","name":"DJ Akademija","description":"","publisher":{"@id":"https:\/\/djakademija.lt\/#organization"},"potentialAction":[{"@type":"SearchAction","target":{"@type":"EntryPoint","urlTemplate":"https:\/\/djakademija.lt\/?s={search_term_string}"},"query-input":{"@type":"PropertyValueSpecification","valueRequired":true,"valueName":"search_term_string"}}],"inLanguage":"en-US"},{"@type":"Organization","@id":"https:\/\/djakademija.lt\/#organization","name":"DJ Akademija","url":"https:\/\/djakademija.lt\/","logo":{"@type":"ImageObject","inLanguage":"en-US","@id":"https:\/\/djakademija.lt\/#\/schema\/logo\/image\/","url":"https:\/\/djakademija.lt\/wp-content\/uploads\/2023\/04\/Inner-Web-cover.jpg","contentUrl":"https:\/\/djakademija.lt\/wp-content\/uploads\/2023\/04\/Inner-Web-cover.jpg","width":1801,"height":1013,"caption":"DJ Akademija"},"image":{"@id":"https:\/\/djakademija.lt\/#\/schema\/logo\/image\/"}}]}},"_links":{"self":[{"href":"https:\/\/djakademija.lt\/en\/wp-json\/wp\/v2\/pages\/94993","targetHints":{"allow":["GET"]}}],"collection":[{"href":"https:\/\/djakademija.lt\/en\/wp-json\/wp\/v2\/pages"}],"about":[{"href":"https:\/\/djakademija.lt\/en\/wp-json\/wp\/v2\/types\/page"}],"author":[{"embeddable":true,"href":"https:\/\/djakademija.lt\/en\/wp-json\/wp\/v2\/users\/1"}],"replies":[{"embeddable":true,"href":"https:\/\/djakademija.lt\/en\/wp-json\/wp\/v2\/comments?post=94993"}],"version-history":[{"count":5,"href":"https:\/\/djakademija.lt\/en\/wp-json\/wp\/v2\/pages\/94993\/revisions"}],"predecessor-version":[{"id":108642,"href":"https:\/\/djakademija.lt\/en\/wp-json\/wp\/v2\/pages\/94993\/revisions\/108642"}],"wp:attachment":[{"href":"https:\/\/djakademija.lt\/en\/wp-json\/wp\/v2\/media?parent=94993"}],"curies":[{"name":"wp","href":"https:\/\/api.w.org\/{rel}","templated":true}]}}