{"id":100932,"date":"2022-04-18T13:25:26","date_gmt":"2022-04-18T13:25:26","guid":{"rendered":"https:\/\/djakademija.lt\/?post_type=product&#038;p=100932"},"modified":"2025-01-10T14:24:23","modified_gmt":"2025-01-10T14:24:23","slug":"cue-lipduku-rinkinys","status":"publish","type":"product","link":"https:\/\/djakademija.lt\/en\/product\/cue-lipduku-rinkinys\/","title":{"rendered":"Cue Lipduk\u0173 Rinkinys"},"content":{"rendered":"<p>\u017dym\u0117k \u201ccue point\u201d ta\u0161kus DJA stiliumi! Unikalus DJA Cue lipduk\u0173 rinkinys skirtas naudoti ant scratch ar control vinilini\u0173 plok\u0161teli\u0173. Su m\u016bs\u0173 DJA lipdukais plok\u0161tel\u0117s atrodys i\u0161skirtinai ir pad\u0117s j\u016bs\u0173 DJ \u012fg\u016bd\u017ei\u0173 lavinimui.<\/p>\n<p><strong>Prek\u0117s savyb\u0117s<\/strong><\/p>\n<p>\u2013 Auk\u0161\u010diausios kokyb\u0117s spauda<\/p>\n<p>\u2013 Nepalieka lipnumo \u017eymi\u0173<\/p>\n<p>\u2013 Galimos 3 rinkini\u0173 spalv\u0173 variacijos<\/p>\n<p><strong>Rinkinio sud\u0117tis<\/strong>. Kiekvien\u0105 rinkin\u012f sudaro 24 lipdukai.<\/p>\n<p><strong>Pagaminta<\/strong>. Lietuvoje.<\/p>","protected":false},"excerpt":{"rendered":"<p>\u017dym\u0117k \u201ccue point\u201d ta\u0161kus DJA stiliumi!<\/p>\n<p>DJA Cue Lipduk\u0173 Rinkinys netik pad\u0117s lavinti j\u016bs\u0173 DJ \u012fg\u016bd\u017eius, bet ir papuo\u0161 plok\u0161tel\u0119!<\/p>","protected":false},"featured_media":106303,"comment_status":"open","ping_status":"closed","template":"","meta":{"_acf_changed":false},"product_brand":[],"product_cat":[103],"product_tag":[],"class_list":{"0":"post-100932","1":"product","2":"type-product","3":"status-publish","4":"has-post-thumbnail","6":"product_cat-prekes","7":"product_shipping_class-physical","8":"pa_spalvos-balta","9":"pa_spalvos-juoda","10":"pa_spalvos-spalvota","12":"first","13":"instock","14":"shipping-taxable","15":"purchasable","16":"product-type-variable","17":"has-default-attributes"},"acf":[],"yoast_head":"<!-- This site is optimized with the Yoast SEO plugin v27.5 - https:\/\/yoast.com\/product\/yoast-seo-wordpress\/ -->\n<title>Cue Lipduk\u0173 Rinkinys - DJ Akademija<\/title>\n<meta name=\"robots\" content=\"index, follow, max-snippet:-1, max-image-preview:large, max-video-preview:-1\" \/>\n<link rel=\"canonical\" href=\"https:\/\/djakademija.lt\/en\/product\/cue-lipduku-rinkinys\/\" \/>\n<meta property=\"og:locale\" content=\"en_US\" \/>\n<meta property=\"og:type\" content=\"article\" \/>\n<meta property=\"og:title\" content=\"Cue Lipduk\u0173 Rinkinys - DJ Akademija\" \/>\n<meta property=\"og:description\" content=\"\u017dym\u0117k \u201ccue point\u201d ta\u0161kus DJA stiliumi!  DJA Cue Lipduk\u0173 Rinkinys netik pad\u0117s lavinti j\u016bs\u0173 DJ \u012fg\u016bd\u017eius, bet ir papuo\u0161 plok\u0161tel\u0119!\" \/>\n<meta property=\"og:url\" content=\"https:\/\/djakademija.lt\/en\/product\/cue-lipduku-rinkinys\/\" \/>\n<meta property=\"og:site_name\" content=\"DJ Akademija\" \/>\n<meta property=\"article:modified_time\" content=\"2025-01-10T14:24:23+00:00\" \/>\n<meta property=\"og:image\" content=\"https:\/\/djakademija.lt\/wp-content\/uploads\/2022\/04\/DJA-cue-piont-mockup-CL-1.png\" \/>\n\t<meta property=\"og:image:width\" content=\"1000\" \/>\n\t<meta property=\"og:image:height\" content=\"1000\" \/>\n\t<meta property=\"og:image:type\" content=\"image\/png\" \/>\n<meta name=\"twitter:card\" content=\"summary_large_image\" \/>\n<meta name=\"twitter:label1\" content=\"Est. reading time\" \/>\n\t<meta name=\"twitter:data1\" content=\"1 minute\" \/>\n<script type=\"application\/ld+json\" class=\"yoast-schema-graph\">{\"@context\":\"https:\\\/\\\/schema.org\",\"@graph\":[{\"@type\":\"WebPage\",\"@id\":\"https:\\\/\\\/djakademija.lt\\\/produktas\\\/cue-lipduku-rinkinys\\\/\",\"url\":\"https:\\\/\\\/djakademija.lt\\\/produktas\\\/cue-lipduku-rinkinys\\\/\",\"name\":\"Cue Lipduk\u0173 Rinkinys - DJ Akademija\",\"isPartOf\":{\"@id\":\"https:\\\/\\\/djakademija.lt\\\/#website\"},\"primaryImageOfPage\":{\"@id\":\"https:\\\/\\\/djakademija.lt\\\/produktas\\\/cue-lipduku-rinkinys\\\/#primaryimage\"},\"image\":{\"@id\":\"https:\\\/\\\/djakademija.lt\\\/produktas\\\/cue-lipduku-rinkinys\\\/#primaryimage\"},\"thumbnailUrl\":\"https:\\\/\\\/djakademija.lt\\\/wp-content\\\/uploads\\\/2022\\\/04\\\/DJA-cue-piont-mockup-CL-1.png\",\"datePublished\":\"2022-04-18T13:25:26+00:00\",\"dateModified\":\"2025-01-10T14:24:23+00:00\",\"breadcrumb\":{\"@id\":\"https:\\\/\\\/djakademija.lt\\\/produktas\\\/cue-lipduku-rinkinys\\\/#breadcrumb\"},\"inLanguage\":\"en-US\",\"potentialAction\":[{\"@type\":\"ReadAction\",\"target\":[\"https:\\\/\\\/djakademija.lt\\\/produktas\\\/cue-lipduku-rinkinys\\\/\"]}]},{\"@type\":\"ImageObject\",\"inLanguage\":\"en-US\",\"@id\":\"https:\\\/\\\/djakademija.lt\\\/produktas\\\/cue-lipduku-rinkinys\\\/#primaryimage\",\"url\":\"https:\\\/\\\/djakademija.lt\\\/wp-content\\\/uploads\\\/2022\\\/04\\\/DJA-cue-piont-mockup-CL-1.png\",\"contentUrl\":\"https:\\\/\\\/djakademija.lt\\\/wp-content\\\/uploads\\\/2022\\\/04\\\/DJA-cue-piont-mockup-CL-1.png\",\"width\":1000,\"height\":1000},{\"@type\":\"BreadcrumbList\",\"@id\":\"https:\\\/\\\/djakademija.lt\\\/produktas\\\/cue-lipduku-rinkinys\\\/#breadcrumb\",\"itemListElement\":[{\"@type\":\"ListItem\",\"position\":1,\"name\":\"Home\",\"item\":\"https:\\\/\\\/djakademija.lt\\\/\"},{\"@type\":\"ListItem\",\"position\":2,\"name\":\"Parduotuv\u0117\",\"item\":\"https:\\\/\\\/djakademija.lt\\\/parduotuve\\\/\"},{\"@type\":\"ListItem\",\"position\":3,\"name\":\"Cue Lipduk\u0173 Rinkinys\"}]},{\"@type\":\"WebSite\",\"@id\":\"https:\\\/\\\/djakademija.lt\\\/#website\",\"url\":\"https:\\\/\\\/djakademija.lt\\\/\",\"name\":\"DJ Akademija\",\"description\":\"\",\"publisher\":{\"@id\":\"https:\\\/\\\/djakademija.lt\\\/#organization\"},\"potentialAction\":[{\"@type\":\"SearchAction\",\"target\":{\"@type\":\"EntryPoint\",\"urlTemplate\":\"https:\\\/\\\/djakademija.lt\\\/?s={search_term_string}\"},\"query-input\":{\"@type\":\"PropertyValueSpecification\",\"valueRequired\":true,\"valueName\":\"search_term_string\"}}],\"inLanguage\":\"en-US\"},{\"@type\":\"Organization\",\"@id\":\"https:\\\/\\\/djakademija.lt\\\/#organization\",\"name\":\"DJ Akademija\",\"url\":\"https:\\\/\\\/djakademija.lt\\\/\",\"logo\":{\"@type\":\"ImageObject\",\"inLanguage\":\"en-US\",\"@id\":\"https:\\\/\\\/djakademija.lt\\\/#\\\/schema\\\/logo\\\/image\\\/\",\"url\":\"https:\\\/\\\/djakademija.lt\\\/wp-content\\\/uploads\\\/2023\\\/04\\\/Inner-Web-cover.jpg\",\"contentUrl\":\"https:\\\/\\\/djakademija.lt\\\/wp-content\\\/uploads\\\/2023\\\/04\\\/Inner-Web-cover.jpg\",\"width\":1801,\"height\":1013,\"caption\":\"DJ Akademija\"},\"image\":{\"@id\":\"https:\\\/\\\/djakademija.lt\\\/#\\\/schema\\\/logo\\\/image\\\/\"}}]}<\/script>\n<!-- \/ Yoast SEO plugin. -->","yoast_head_json":{"title":"Cue Lipduk\u0173 Rinkinys - DJ Akademija","robots":{"index":"index","follow":"follow","max-snippet":"max-snippet:-1","max-image-preview":"max-image-preview:large","max-video-preview":"max-video-preview:-1"},"canonical":"https:\/\/djakademija.lt\/en\/product\/cue-lipduku-rinkinys\/","og_locale":"en_US","og_type":"article","og_title":"Cue Lipduk\u0173 Rinkinys - DJ Akademija","og_description":"\u017dym\u0117k \u201ccue point\u201d ta\u0161kus DJA stiliumi!  DJA Cue Lipduk\u0173 Rinkinys netik pad\u0117s lavinti j\u016bs\u0173 DJ \u012fg\u016bd\u017eius, bet ir papuo\u0161 plok\u0161tel\u0119!","og_url":"https:\/\/djakademija.lt\/en\/product\/cue-lipduku-rinkinys\/","og_site_name":"DJ Akademija","article_modified_time":"2025-01-10T14:24:23+00:00","og_image":[{"width":1000,"height":1000,"url":"https:\/\/djakademija.lt\/wp-content\/uploads\/2022\/04\/DJA-cue-piont-mockup-CL-1.png","type":"image\/png"}],"twitter_card":"summary_large_image","twitter_misc":{"Est. reading time":"1 minute"},"schema":{"@context":"https:\/\/schema.org","@graph":[{"@type":"WebPage","@id":"https:\/\/djakademija.lt\/produktas\/cue-lipduku-rinkinys\/","url":"https:\/\/djakademija.lt\/produktas\/cue-lipduku-rinkinys\/","name":"Cue Lipduk\u0173 Rinkinys - DJ Akademija","isPartOf":{"@id":"https:\/\/djakademija.lt\/#website"},"primaryImageOfPage":{"@id":"https:\/\/djakademija.lt\/produktas\/cue-lipduku-rinkinys\/#primaryimage"},"image":{"@id":"https:\/\/djakademija.lt\/produktas\/cue-lipduku-rinkinys\/#primaryimage"},"thumbnailUrl":"https:\/\/djakademija.lt\/wp-content\/uploads\/2022\/04\/DJA-cue-piont-mockup-CL-1.png","datePublished":"2022-04-18T13:25:26+00:00","dateModified":"2025-01-10T14:24:23+00:00","breadcrumb":{"@id":"https:\/\/djakademija.lt\/produktas\/cue-lipduku-rinkinys\/#breadcrumb"},"inLanguage":"en-US","potentialAction":[{"@type":"ReadAction","target":["https:\/\/djakademija.lt\/produktas\/cue-lipduku-rinkinys\/"]}]},{"@type":"ImageObject","inLanguage":"en-US","@id":"https:\/\/djakademija.lt\/produktas\/cue-lipduku-rinkinys\/#primaryimage","url":"https:\/\/djakademija.lt\/wp-content\/uploads\/2022\/04\/DJA-cue-piont-mockup-CL-1.png","contentUrl":"https:\/\/djakademija.lt\/wp-content\/uploads\/2022\/04\/DJA-cue-piont-mockup-CL-1.png","width":1000,"height":1000},{"@type":"BreadcrumbList","@id":"https:\/\/djakademija.lt\/produktas\/cue-lipduku-rinkinys\/#breadcrumb","itemListElement":[{"@type":"ListItem","position":1,"name":"Home","item":"https:\/\/djakademija.lt\/"},{"@type":"ListItem","position":2,"name":"Parduotuv\u0117","item":"https:\/\/djakademija.lt\/parduotuve\/"},{"@type":"ListItem","position":3,"name":"Cue Lipduk\u0173 Rinkinys"}]},{"@type":"WebSite","@id":"https:\/\/djakademija.lt\/#website","url":"https:\/\/djakademija.lt\/","name":"DJ Akademija","description":"","publisher":{"@id":"https:\/\/djakademija.lt\/#organization"},"potentialAction":[{"@type":"SearchAction","target":{"@type":"EntryPoint","urlTemplate":"https:\/\/djakademija.lt\/?s={search_term_string}"},"query-input":{"@type":"PropertyValueSpecification","valueRequired":true,"valueName":"search_term_string"}}],"inLanguage":"en-US"},{"@type":"Organization","@id":"https:\/\/djakademija.lt\/#organization","name":"DJ Akademija","url":"https:\/\/djakademija.lt\/","logo":{"@type":"ImageObject","inLanguage":"en-US","@id":"https:\/\/djakademija.lt\/#\/schema\/logo\/image\/","url":"https:\/\/djakademija.lt\/wp-content\/uploads\/2023\/04\/Inner-Web-cover.jpg","contentUrl":"https:\/\/djakademija.lt\/wp-content\/uploads\/2023\/04\/Inner-Web-cover.jpg","width":1801,"height":1013,"caption":"DJ Akademija"},"image":{"@id":"https:\/\/djakademija.lt\/#\/schema\/logo\/image\/"}}]}},"_links":{"self":[{"href":"https:\/\/djakademija.lt\/en\/wp-json\/wp\/v2\/product\/100932","targetHints":{"allow":["GET"]}}],"collection":[{"href":"https:\/\/djakademija.lt\/en\/wp-json\/wp\/v2\/product"}],"about":[{"href":"https:\/\/djakademija.lt\/en\/wp-json\/wp\/v2\/types\/product"}],"replies":[{"embeddable":true,"href":"https:\/\/djakademija.lt\/en\/wp-json\/wp\/v2\/comments?post=100932"}],"wp:featuredmedia":[{"embeddable":true,"href":"https:\/\/djakademija.lt\/en\/wp-json\/wp\/v2\/media\/106303"}],"wp:attachment":[{"href":"https:\/\/djakademija.lt\/en\/wp-json\/wp\/v2\/media?parent=100932"}],"wp:term":[{"taxonomy":"product_brand","embeddable":true,"href":"https:\/\/djakademija.lt\/en\/wp-json\/wp\/v2\/product_brand?post=100932"},{"taxonomy":"product_cat","embeddable":true,"href":"https:\/\/djakademija.lt\/en\/wp-json\/wp\/v2\/product_cat?post=100932"},{"taxonomy":"product_tag","embeddable":true,"href":"https:\/\/djakademija.lt\/en\/wp-json\/wp\/v2\/product_tag?post=100932"}],"curies":[{"name":"wp","href":"https:\/\/api.w.org\/{rel}","templated":true}]}}