{"id":103948,"date":"2022-07-13T11:58:17","date_gmt":"2022-07-13T11:58:17","guid":{"rendered":"https:\/\/djakademija.lt\/?post_type=product&#038;p=103948"},"modified":"2025-01-12T17:23:53","modified_gmt":"2025-01-12T17:23:53","slug":"vinilu-krepselis","status":"publish","type":"product","link":"https:\/\/djakademija.lt\/en\/product\/vinilu-krepselis\/","title":{"rendered":"Vinil\u0173 Krep\u0161elis"},"content":{"rendered":"<p>Stilius susitinka su funkcionalumu! M\u016bs\u0173 auk\u0161\u010diausios kokyb\u0117s Lietuvoje pagamintas rank\u0173 darbo juodas Vinil\u0173 Krep\u0161elis su barchatin\u0117s spaudos baltu DJA logotipu \u2013 tai nepriekai\u0161tingas vinil\u0173 saugojimo ir stiliaus derinys.<\/p>\n<p><strong>Prek\u0117s savyb\u0117s<\/strong><\/p>\n<p>\u2013 Auk\u0161\u010diausios kokyb\u0117s specialus drobinis mai\u0161elis<\/p>\n<p>\u2013 Barchatinis DJA logotipas su p\u016bkeliu<\/p>\n<p>\u2013 \u012e krep\u0161\u0117l\u012f apytiksliai telpa iki 10 vnt. vinil\u0173<\/p>\n<p><strong>Dydis<\/strong>. 32x46cm, pailgintos rankenos.<\/p>\n<p><strong>Sud\u0117tis<\/strong>. Auk\u0161\u010diausios kokyb\u0117s medviln\u0117.<\/p>","protected":false},"excerpt":{"rendered":"<p>Stilius \u012fkv\u0117ptas viniloman\u0173!<\/p>\n<p>DJA Vinil\u0173 Krep\u0161elis &#8211; tai nepriekai\u0161tingas vinil\u0173 saugojimo ir stiliaus derinys.<\/p>","protected":false},"featured_media":103949,"comment_status":"open","ping_status":"closed","template":"","meta":{"_acf_changed":false},"product_brand":[],"product_cat":[103],"product_tag":[],"class_list":{"0":"post-103948","1":"product","2":"type-product","3":"status-publish","4":"has-post-thumbnail","6":"product_cat-prekes","8":"first","9":"instock","10":"shipping-taxable","11":"purchasable","12":"product-type-simple"},"acf":[],"yoast_head":"<!-- This site is optimized with the Yoast SEO plugin v27.4 - https:\/\/yoast.com\/product\/yoast-seo-wordpress\/ -->\n<title>Vinil\u0173 Krep\u0161elis - DJ Akademija<\/title>\n<meta name=\"robots\" content=\"index, follow, max-snippet:-1, max-image-preview:large, max-video-preview:-1\" \/>\n<link rel=\"canonical\" href=\"https:\/\/djakademija.lt\/en\/product\/vinilu-krepselis\/\" \/>\n<meta property=\"og:locale\" content=\"en_US\" \/>\n<meta property=\"og:type\" content=\"article\" \/>\n<meta property=\"og:title\" content=\"Vinil\u0173 Krep\u0161elis - DJ Akademija\" \/>\n<meta property=\"og:description\" content=\"Stilius \u012fkv\u0117ptas viniloman\u0173!  DJA Vinil\u0173 Krep\u0161elis - tai nepriekai\u0161tingas vinil\u0173 saugojimo ir stiliaus derinys.\" \/>\n<meta property=\"og:url\" content=\"https:\/\/djakademija.lt\/en\/product\/vinilu-krepselis\/\" \/>\n<meta property=\"og:site_name\" content=\"DJ Akademija\" \/>\n<meta property=\"article:modified_time\" content=\"2025-01-12T17:23:53+00:00\" \/>\n<meta property=\"og:image\" content=\"https:\/\/djakademija.lt\/wp-content\/uploads\/2022\/07\/image123412341.png\" \/>\n\t<meta property=\"og:image:width\" content=\"960\" \/>\n\t<meta property=\"og:image:height\" content=\"960\" \/>\n\t<meta property=\"og:image:type\" content=\"image\/png\" \/>\n<meta name=\"twitter:card\" content=\"summary_large_image\" \/>\n<meta name=\"twitter:label1\" content=\"Est. reading time\" \/>\n\t<meta name=\"twitter:data1\" content=\"1 minute\" \/>\n<script type=\"application\/ld+json\" class=\"yoast-schema-graph\">{\"@context\":\"https:\\\/\\\/schema.org\",\"@graph\":[{\"@type\":\"WebPage\",\"@id\":\"https:\\\/\\\/djakademija.lt\\\/produktas\\\/vinilu-krepselis\\\/\",\"url\":\"https:\\\/\\\/djakademija.lt\\\/produktas\\\/vinilu-krepselis\\\/\",\"name\":\"Vinil\u0173 Krep\u0161elis - DJ Akademija\",\"isPartOf\":{\"@id\":\"https:\\\/\\\/djakademija.lt\\\/#website\"},\"primaryImageOfPage\":{\"@id\":\"https:\\\/\\\/djakademija.lt\\\/produktas\\\/vinilu-krepselis\\\/#primaryimage\"},\"image\":{\"@id\":\"https:\\\/\\\/djakademija.lt\\\/produktas\\\/vinilu-krepselis\\\/#primaryimage\"},\"thumbnailUrl\":\"https:\\\/\\\/djakademija.lt\\\/wp-content\\\/uploads\\\/2022\\\/07\\\/image123412341.png\",\"datePublished\":\"2022-07-13T11:58:17+00:00\",\"dateModified\":\"2025-01-12T17:23:53+00:00\",\"breadcrumb\":{\"@id\":\"https:\\\/\\\/djakademija.lt\\\/produktas\\\/vinilu-krepselis\\\/#breadcrumb\"},\"inLanguage\":\"en-US\",\"potentialAction\":[{\"@type\":\"ReadAction\",\"target\":[\"https:\\\/\\\/djakademija.lt\\\/produktas\\\/vinilu-krepselis\\\/\"]}]},{\"@type\":\"ImageObject\",\"inLanguage\":\"en-US\",\"@id\":\"https:\\\/\\\/djakademija.lt\\\/produktas\\\/vinilu-krepselis\\\/#primaryimage\",\"url\":\"https:\\\/\\\/djakademija.lt\\\/wp-content\\\/uploads\\\/2022\\\/07\\\/image123412341.png\",\"contentUrl\":\"https:\\\/\\\/djakademija.lt\\\/wp-content\\\/uploads\\\/2022\\\/07\\\/image123412341.png\",\"width\":960,\"height\":960},{\"@type\":\"BreadcrumbList\",\"@id\":\"https:\\\/\\\/djakademija.lt\\\/produktas\\\/vinilu-krepselis\\\/#breadcrumb\",\"itemListElement\":[{\"@type\":\"ListItem\",\"position\":1,\"name\":\"Home\",\"item\":\"https:\\\/\\\/djakademija.lt\\\/\"},{\"@type\":\"ListItem\",\"position\":2,\"name\":\"Parduotuv\u0117\",\"item\":\"https:\\\/\\\/djakademija.lt\\\/parduotuve\\\/\"},{\"@type\":\"ListItem\",\"position\":3,\"name\":\"Vinil\u0173 Krep\u0161elis\"}]},{\"@type\":\"WebSite\",\"@id\":\"https:\\\/\\\/djakademija.lt\\\/#website\",\"url\":\"https:\\\/\\\/djakademija.lt\\\/\",\"name\":\"DJ Akademija\",\"description\":\"\",\"publisher\":{\"@id\":\"https:\\\/\\\/djakademija.lt\\\/#organization\"},\"potentialAction\":[{\"@type\":\"SearchAction\",\"target\":{\"@type\":\"EntryPoint\",\"urlTemplate\":\"https:\\\/\\\/djakademija.lt\\\/?s={search_term_string}\"},\"query-input\":{\"@type\":\"PropertyValueSpecification\",\"valueRequired\":true,\"valueName\":\"search_term_string\"}}],\"inLanguage\":\"en-US\"},{\"@type\":\"Organization\",\"@id\":\"https:\\\/\\\/djakademija.lt\\\/#organization\",\"name\":\"DJ Akademija\",\"url\":\"https:\\\/\\\/djakademija.lt\\\/\",\"logo\":{\"@type\":\"ImageObject\",\"inLanguage\":\"en-US\",\"@id\":\"https:\\\/\\\/djakademija.lt\\\/#\\\/schema\\\/logo\\\/image\\\/\",\"url\":\"https:\\\/\\\/djakademija.lt\\\/wp-content\\\/uploads\\\/2023\\\/04\\\/Inner-Web-cover.jpg\",\"contentUrl\":\"https:\\\/\\\/djakademija.lt\\\/wp-content\\\/uploads\\\/2023\\\/04\\\/Inner-Web-cover.jpg\",\"width\":1801,\"height\":1013,\"caption\":\"DJ Akademija\"},\"image\":{\"@id\":\"https:\\\/\\\/djakademija.lt\\\/#\\\/schema\\\/logo\\\/image\\\/\"}}]}<\/script>\n<!-- \/ Yoast SEO plugin. -->","yoast_head_json":{"title":"Vinil\u0173 Krep\u0161elis - DJ Akademija","robots":{"index":"index","follow":"follow","max-snippet":"max-snippet:-1","max-image-preview":"max-image-preview:large","max-video-preview":"max-video-preview:-1"},"canonical":"https:\/\/djakademija.lt\/en\/product\/vinilu-krepselis\/","og_locale":"en_US","og_type":"article","og_title":"Vinil\u0173 Krep\u0161elis - DJ Akademija","og_description":"Stilius \u012fkv\u0117ptas viniloman\u0173!  DJA Vinil\u0173 Krep\u0161elis - tai nepriekai\u0161tingas vinil\u0173 saugojimo ir stiliaus derinys.","og_url":"https:\/\/djakademija.lt\/en\/product\/vinilu-krepselis\/","og_site_name":"DJ Akademija","article_modified_time":"2025-01-12T17:23:53+00:00","og_image":[{"width":960,"height":960,"url":"https:\/\/djakademija.lt\/wp-content\/uploads\/2022\/07\/image123412341.png","type":"image\/png"}],"twitter_card":"summary_large_image","twitter_misc":{"Est. reading time":"1 minute"},"schema":{"@context":"https:\/\/schema.org","@graph":[{"@type":"WebPage","@id":"https:\/\/djakademija.lt\/produktas\/vinilu-krepselis\/","url":"https:\/\/djakademija.lt\/produktas\/vinilu-krepselis\/","name":"Vinil\u0173 Krep\u0161elis - DJ Akademija","isPartOf":{"@id":"https:\/\/djakademija.lt\/#website"},"primaryImageOfPage":{"@id":"https:\/\/djakademija.lt\/produktas\/vinilu-krepselis\/#primaryimage"},"image":{"@id":"https:\/\/djakademija.lt\/produktas\/vinilu-krepselis\/#primaryimage"},"thumbnailUrl":"https:\/\/djakademija.lt\/wp-content\/uploads\/2022\/07\/image123412341.png","datePublished":"2022-07-13T11:58:17+00:00","dateModified":"2025-01-12T17:23:53+00:00","breadcrumb":{"@id":"https:\/\/djakademija.lt\/produktas\/vinilu-krepselis\/#breadcrumb"},"inLanguage":"en-US","potentialAction":[{"@type":"ReadAction","target":["https:\/\/djakademija.lt\/produktas\/vinilu-krepselis\/"]}]},{"@type":"ImageObject","inLanguage":"en-US","@id":"https:\/\/djakademija.lt\/produktas\/vinilu-krepselis\/#primaryimage","url":"https:\/\/djakademija.lt\/wp-content\/uploads\/2022\/07\/image123412341.png","contentUrl":"https:\/\/djakademija.lt\/wp-content\/uploads\/2022\/07\/image123412341.png","width":960,"height":960},{"@type":"BreadcrumbList","@id":"https:\/\/djakademija.lt\/produktas\/vinilu-krepselis\/#breadcrumb","itemListElement":[{"@type":"ListItem","position":1,"name":"Home","item":"https:\/\/djakademija.lt\/"},{"@type":"ListItem","position":2,"name":"Parduotuv\u0117","item":"https:\/\/djakademija.lt\/parduotuve\/"},{"@type":"ListItem","position":3,"name":"Vinil\u0173 Krep\u0161elis"}]},{"@type":"WebSite","@id":"https:\/\/djakademija.lt\/#website","url":"https:\/\/djakademija.lt\/","name":"DJ Akademija","description":"","publisher":{"@id":"https:\/\/djakademija.lt\/#organization"},"potentialAction":[{"@type":"SearchAction","target":{"@type":"EntryPoint","urlTemplate":"https:\/\/djakademija.lt\/?s={search_term_string}"},"query-input":{"@type":"PropertyValueSpecification","valueRequired":true,"valueName":"search_term_string"}}],"inLanguage":"en-US"},{"@type":"Organization","@id":"https:\/\/djakademija.lt\/#organization","name":"DJ Akademija","url":"https:\/\/djakademija.lt\/","logo":{"@type":"ImageObject","inLanguage":"en-US","@id":"https:\/\/djakademija.lt\/#\/schema\/logo\/image\/","url":"https:\/\/djakademija.lt\/wp-content\/uploads\/2023\/04\/Inner-Web-cover.jpg","contentUrl":"https:\/\/djakademija.lt\/wp-content\/uploads\/2023\/04\/Inner-Web-cover.jpg","width":1801,"height":1013,"caption":"DJ Akademija"},"image":{"@id":"https:\/\/djakademija.lt\/#\/schema\/logo\/image\/"}}]}},"_links":{"self":[{"href":"https:\/\/djakademija.lt\/en\/wp-json\/wp\/v2\/product\/103948","targetHints":{"allow":["GET"]}}],"collection":[{"href":"https:\/\/djakademija.lt\/en\/wp-json\/wp\/v2\/product"}],"about":[{"href":"https:\/\/djakademija.lt\/en\/wp-json\/wp\/v2\/types\/product"}],"replies":[{"embeddable":true,"href":"https:\/\/djakademija.lt\/en\/wp-json\/wp\/v2\/comments?post=103948"}],"wp:featuredmedia":[{"embeddable":true,"href":"https:\/\/djakademija.lt\/en\/wp-json\/wp\/v2\/media\/103949"}],"wp:attachment":[{"href":"https:\/\/djakademija.lt\/en\/wp-json\/wp\/v2\/media?parent=103948"}],"wp:term":[{"taxonomy":"product_brand","embeddable":true,"href":"https:\/\/djakademija.lt\/en\/wp-json\/wp\/v2\/product_brand?post=103948"},{"taxonomy":"product_cat","embeddable":true,"href":"https:\/\/djakademija.lt\/en\/wp-json\/wp\/v2\/product_cat?post=103948"},{"taxonomy":"product_tag","embeddable":true,"href":"https:\/\/djakademija.lt\/en\/wp-json\/wp\/v2\/product_tag?post=103948"}],"curies":[{"name":"wp","href":"https:\/\/api.w.org\/{rel}","templated":true}]}}