{"id":106732,"date":"2023-07-08T10:21:21","date_gmt":"2023-07-08T10:21:21","guid":{"rendered":"https:\/\/djakademija.lt\/?post_type=product&#038;p=106732"},"modified":"2025-11-03T07:54:04","modified_gmt":"2025-11-03T07:54:04","slug":"dja-snapback-kepure","status":"publish","type":"product","link":"https:\/\/djakademija.lt\/en\/product\/dja-snapback-kepure\/","title":{"rendered":"DJA Snapback Kepur\u0117"},"content":{"rendered":"<p>Rodykite savo stili\u0173 su m\u016bs\u0173 auk\u0161\u010diausios kokyb\u0117s DJA snapback kepure! Tiesus snapelis, siuvin\u0117tas 3D DJA logotipas ir reguliuojamas dydis. Atrodykite i\u0161skirtinai ir nepriekai\u0161tingai su m\u016bs\u0173 snapback kepure!<\/p>\n<p><strong>Prek\u0117s savyb\u0117s<\/strong><\/p>\n<p>\u2013 Auk\u0161\u010diausios kokyb\u0117s snapback kepur\u0117<\/p>\n<p>\u2013 3D siuvin\u0117tas DJA logotipas<\/p>\n<p>\u2013 Reguliuojams dydis<\/p>\n<p>\u2013 Tiesus snapelis<\/p>\n<p><strong>Dydis<\/strong>. Reguliuojamas, tinka visiems, unisex.<\/p>\n<p><strong>Sud\u0117tis<\/strong>. 80% akrilinis pluo\u0161tas 20% vilna.<\/p>","protected":false},"excerpt":{"rendered":"<p>Stilius, \u012fkv\u0117pimas, DJA snapback kepur\u0117!<\/p>\n<p>DJA snapback kepur\u0117 su precizi\u0161kai siuvin\u0117tu 3D logotipu &#8211; tai eleganti\u0161kas ir dr\u0105sus pasirinkimas, kuris i\u0161ry\u0161kins j\u016bs\u0173 individualum\u0105.<\/p>","protected":false},"featured_media":106733,"comment_status":"open","ping_status":"closed","template":"","meta":{"_acf_changed":false},"product_brand":[],"product_cat":[103],"product_tag":[],"class_list":{"0":"post-106732","1":"product","2":"type-product","3":"status-publish","4":"has-post-thumbnail","6":"product_cat-prekes","7":"product_shipping_class-physical","9":"first","10":"outofstock","11":"shipping-taxable","12":"purchasable","13":"product-type-simple"},"acf":[],"yoast_head":"<!-- This site is optimized with the Yoast SEO plugin v27.4 - https:\/\/yoast.com\/product\/yoast-seo-wordpress\/ -->\n<title>DJA Snapback Kepur\u0117 - DJ Akademija<\/title>\n<meta name=\"robots\" content=\"index, follow, max-snippet:-1, max-image-preview:large, max-video-preview:-1\" \/>\n<link rel=\"canonical\" href=\"https:\/\/djakademija.lt\/en\/product\/dja-snapback-kepure\/\" \/>\n<meta property=\"og:locale\" content=\"en_US\" \/>\n<meta property=\"og:type\" content=\"article\" \/>\n<meta property=\"og:title\" content=\"DJA Snapback Kepur\u0117 - DJ Akademija\" \/>\n<meta property=\"og:description\" content=\"Stilius, \u012fkv\u0117pimas, DJA snapback kepur\u0117!  DJA snapback kepur\u0117 su precizi\u0161kai siuvin\u0117tu 3D logotipu - tai eleganti\u0161kas ir dr\u0105sus pasirinkimas, kuris i\u0161ry\u0161kins j\u016bs\u0173 individualum\u0105.\" \/>\n<meta property=\"og:url\" content=\"https:\/\/djakademija.lt\/en\/product\/dja-snapback-kepure\/\" \/>\n<meta property=\"og:site_name\" content=\"DJ Akademija\" \/>\n<meta property=\"article:modified_time\" content=\"2025-11-03T07:54:04+00:00\" \/>\n<meta property=\"og:image\" content=\"https:\/\/djakademija.lt\/wp-content\/uploads\/2023\/07\/Image-size-4-1.png\" \/>\n\t<meta property=\"og:image:width\" content=\"900\" \/>\n\t<meta property=\"og:image:height\" content=\"900\" \/>\n\t<meta property=\"og:image:type\" content=\"image\/png\" \/>\n<meta name=\"twitter:card\" content=\"summary_large_image\" \/>\n<meta name=\"twitter:label1\" content=\"Est. reading time\" \/>\n\t<meta name=\"twitter:data1\" content=\"1 minute\" \/>\n<script type=\"application\/ld+json\" class=\"yoast-schema-graph\">{\"@context\":\"https:\\\/\\\/schema.org\",\"@graph\":[{\"@type\":\"WebPage\",\"@id\":\"https:\\\/\\\/djakademija.lt\\\/produktas\\\/dja-snapback-kepure\\\/\",\"url\":\"https:\\\/\\\/djakademija.lt\\\/produktas\\\/dja-snapback-kepure\\\/\",\"name\":\"DJA Snapback Kepur\u0117 - DJ Akademija\",\"isPartOf\":{\"@id\":\"https:\\\/\\\/djakademija.lt\\\/#website\"},\"primaryImageOfPage\":{\"@id\":\"https:\\\/\\\/djakademija.lt\\\/produktas\\\/dja-snapback-kepure\\\/#primaryimage\"},\"image\":{\"@id\":\"https:\\\/\\\/djakademija.lt\\\/produktas\\\/dja-snapback-kepure\\\/#primaryimage\"},\"thumbnailUrl\":\"https:\\\/\\\/djakademija.lt\\\/wp-content\\\/uploads\\\/2023\\\/07\\\/Image-size-4-1.png\",\"datePublished\":\"2023-07-08T10:21:21+00:00\",\"dateModified\":\"2025-11-03T07:54:04+00:00\",\"breadcrumb\":{\"@id\":\"https:\\\/\\\/djakademija.lt\\\/produktas\\\/dja-snapback-kepure\\\/#breadcrumb\"},\"inLanguage\":\"en-US\",\"potentialAction\":[{\"@type\":\"ReadAction\",\"target\":[\"https:\\\/\\\/djakademija.lt\\\/produktas\\\/dja-snapback-kepure\\\/\"]}]},{\"@type\":\"ImageObject\",\"inLanguage\":\"en-US\",\"@id\":\"https:\\\/\\\/djakademija.lt\\\/produktas\\\/dja-snapback-kepure\\\/#primaryimage\",\"url\":\"https:\\\/\\\/djakademija.lt\\\/wp-content\\\/uploads\\\/2023\\\/07\\\/Image-size-4-1.png\",\"contentUrl\":\"https:\\\/\\\/djakademija.lt\\\/wp-content\\\/uploads\\\/2023\\\/07\\\/Image-size-4-1.png\",\"width\":900,\"height\":900,\"caption\":\"dja kepure\"},{\"@type\":\"BreadcrumbList\",\"@id\":\"https:\\\/\\\/djakademija.lt\\\/produktas\\\/dja-snapback-kepure\\\/#breadcrumb\",\"itemListElement\":[{\"@type\":\"ListItem\",\"position\":1,\"name\":\"Home\",\"item\":\"https:\\\/\\\/djakademija.lt\\\/\"},{\"@type\":\"ListItem\",\"position\":2,\"name\":\"Parduotuv\u0117\",\"item\":\"https:\\\/\\\/djakademija.lt\\\/parduotuve\\\/\"},{\"@type\":\"ListItem\",\"position\":3,\"name\":\"DJA Snapback Kepur\u0117\"}]},{\"@type\":\"WebSite\",\"@id\":\"https:\\\/\\\/djakademija.lt\\\/#website\",\"url\":\"https:\\\/\\\/djakademija.lt\\\/\",\"name\":\"DJ Akademija\",\"description\":\"\",\"publisher\":{\"@id\":\"https:\\\/\\\/djakademija.lt\\\/#organization\"},\"potentialAction\":[{\"@type\":\"SearchAction\",\"target\":{\"@type\":\"EntryPoint\",\"urlTemplate\":\"https:\\\/\\\/djakademija.lt\\\/?s={search_term_string}\"},\"query-input\":{\"@type\":\"PropertyValueSpecification\",\"valueRequired\":true,\"valueName\":\"search_term_string\"}}],\"inLanguage\":\"en-US\"},{\"@type\":\"Organization\",\"@id\":\"https:\\\/\\\/djakademija.lt\\\/#organization\",\"name\":\"DJ Akademija\",\"url\":\"https:\\\/\\\/djakademija.lt\\\/\",\"logo\":{\"@type\":\"ImageObject\",\"inLanguage\":\"en-US\",\"@id\":\"https:\\\/\\\/djakademija.lt\\\/#\\\/schema\\\/logo\\\/image\\\/\",\"url\":\"https:\\\/\\\/djakademija.lt\\\/wp-content\\\/uploads\\\/2023\\\/04\\\/Inner-Web-cover.jpg\",\"contentUrl\":\"https:\\\/\\\/djakademija.lt\\\/wp-content\\\/uploads\\\/2023\\\/04\\\/Inner-Web-cover.jpg\",\"width\":1801,\"height\":1013,\"caption\":\"DJ Akademija\"},\"image\":{\"@id\":\"https:\\\/\\\/djakademija.lt\\\/#\\\/schema\\\/logo\\\/image\\\/\"}}]}<\/script>\n<!-- \/ Yoast SEO plugin. -->","yoast_head_json":{"title":"DJA Snapback Kepur\u0117 - DJ Akademija","robots":{"index":"index","follow":"follow","max-snippet":"max-snippet:-1","max-image-preview":"max-image-preview:large","max-video-preview":"max-video-preview:-1"},"canonical":"https:\/\/djakademija.lt\/en\/product\/dja-snapback-kepure\/","og_locale":"en_US","og_type":"article","og_title":"DJA Snapback Kepur\u0117 - DJ Akademija","og_description":"Stilius, \u012fkv\u0117pimas, DJA snapback kepur\u0117!  DJA snapback kepur\u0117 su precizi\u0161kai siuvin\u0117tu 3D logotipu - tai eleganti\u0161kas ir dr\u0105sus pasirinkimas, kuris i\u0161ry\u0161kins j\u016bs\u0173 individualum\u0105.","og_url":"https:\/\/djakademija.lt\/en\/product\/dja-snapback-kepure\/","og_site_name":"DJ Akademija","article_modified_time":"2025-11-03T07:54:04+00:00","og_image":[{"width":900,"height":900,"url":"https:\/\/djakademija.lt\/wp-content\/uploads\/2023\/07\/Image-size-4-1.png","type":"image\/png"}],"twitter_card":"summary_large_image","twitter_misc":{"Est. reading time":"1 minute"},"schema":{"@context":"https:\/\/schema.org","@graph":[{"@type":"WebPage","@id":"https:\/\/djakademija.lt\/produktas\/dja-snapback-kepure\/","url":"https:\/\/djakademija.lt\/produktas\/dja-snapback-kepure\/","name":"DJA Snapback Kepur\u0117 - DJ Akademija","isPartOf":{"@id":"https:\/\/djakademija.lt\/#website"},"primaryImageOfPage":{"@id":"https:\/\/djakademija.lt\/produktas\/dja-snapback-kepure\/#primaryimage"},"image":{"@id":"https:\/\/djakademija.lt\/produktas\/dja-snapback-kepure\/#primaryimage"},"thumbnailUrl":"https:\/\/djakademija.lt\/wp-content\/uploads\/2023\/07\/Image-size-4-1.png","datePublished":"2023-07-08T10:21:21+00:00","dateModified":"2025-11-03T07:54:04+00:00","breadcrumb":{"@id":"https:\/\/djakademija.lt\/produktas\/dja-snapback-kepure\/#breadcrumb"},"inLanguage":"en-US","potentialAction":[{"@type":"ReadAction","target":["https:\/\/djakademija.lt\/produktas\/dja-snapback-kepure\/"]}]},{"@type":"ImageObject","inLanguage":"en-US","@id":"https:\/\/djakademija.lt\/produktas\/dja-snapback-kepure\/#primaryimage","url":"https:\/\/djakademija.lt\/wp-content\/uploads\/2023\/07\/Image-size-4-1.png","contentUrl":"https:\/\/djakademija.lt\/wp-content\/uploads\/2023\/07\/Image-size-4-1.png","width":900,"height":900,"caption":"dja kepure"},{"@type":"BreadcrumbList","@id":"https:\/\/djakademija.lt\/produktas\/dja-snapback-kepure\/#breadcrumb","itemListElement":[{"@type":"ListItem","position":1,"name":"Home","item":"https:\/\/djakademija.lt\/"},{"@type":"ListItem","position":2,"name":"Parduotuv\u0117","item":"https:\/\/djakademija.lt\/parduotuve\/"},{"@type":"ListItem","position":3,"name":"DJA Snapback Kepur\u0117"}]},{"@type":"WebSite","@id":"https:\/\/djakademija.lt\/#website","url":"https:\/\/djakademija.lt\/","name":"DJ Akademija","description":"","publisher":{"@id":"https:\/\/djakademija.lt\/#organization"},"potentialAction":[{"@type":"SearchAction","target":{"@type":"EntryPoint","urlTemplate":"https:\/\/djakademija.lt\/?s={search_term_string}"},"query-input":{"@type":"PropertyValueSpecification","valueRequired":true,"valueName":"search_term_string"}}],"inLanguage":"en-US"},{"@type":"Organization","@id":"https:\/\/djakademija.lt\/#organization","name":"DJ Akademija","url":"https:\/\/djakademija.lt\/","logo":{"@type":"ImageObject","inLanguage":"en-US","@id":"https:\/\/djakademija.lt\/#\/schema\/logo\/image\/","url":"https:\/\/djakademija.lt\/wp-content\/uploads\/2023\/04\/Inner-Web-cover.jpg","contentUrl":"https:\/\/djakademija.lt\/wp-content\/uploads\/2023\/04\/Inner-Web-cover.jpg","width":1801,"height":1013,"caption":"DJ Akademija"},"image":{"@id":"https:\/\/djakademija.lt\/#\/schema\/logo\/image\/"}}]}},"_links":{"self":[{"href":"https:\/\/djakademija.lt\/en\/wp-json\/wp\/v2\/product\/106732","targetHints":{"allow":["GET"]}}],"collection":[{"href":"https:\/\/djakademija.lt\/en\/wp-json\/wp\/v2\/product"}],"about":[{"href":"https:\/\/djakademija.lt\/en\/wp-json\/wp\/v2\/types\/product"}],"replies":[{"embeddable":true,"href":"https:\/\/djakademija.lt\/en\/wp-json\/wp\/v2\/comments?post=106732"}],"wp:featuredmedia":[{"embeddable":true,"href":"https:\/\/djakademija.lt\/en\/wp-json\/wp\/v2\/media\/106733"}],"wp:attachment":[{"href":"https:\/\/djakademija.lt\/en\/wp-json\/wp\/v2\/media?parent=106732"}],"wp:term":[{"taxonomy":"product_brand","embeddable":true,"href":"https:\/\/djakademija.lt\/en\/wp-json\/wp\/v2\/product_brand?post=106732"},{"taxonomy":"product_cat","embeddable":true,"href":"https:\/\/djakademija.lt\/en\/wp-json\/wp\/v2\/product_cat?post=106732"},{"taxonomy":"product_tag","embeddable":true,"href":"https:\/\/djakademija.lt\/en\/wp-json\/wp\/v2\/product_tag?post=106732"}],"curies":[{"name":"wp","href":"https:\/\/api.w.org\/{rel}","templated":true}]}}