{"id":109181,"date":"2025-01-10T13:40:16","date_gmt":"2025-01-10T13:40:16","guid":{"rendered":"https:\/\/djakademija.lt\/?post_type=product&#038;p=109181"},"modified":"2025-04-07T18:16:41","modified_gmt":"2025-04-07T18:16:41","slug":"dja-hooded","status":"publish","type":"product","link":"https:\/\/djakademija.lt\/en\/product\/dja-hooded\/","title":{"rendered":"DJA Hooded D\u017eemperis"},"content":{"rendered":"<p>Tai ne tik d\u017eemperis. M\u016bs\u0173 auk\u0161\u010diausios kokyb\u0117s rank\u0173 darbo vienetinis d\u017eemperis su 3D siuvin\u0117tu DJA logotipu ir kapi\u0161onu yra skirtas vaikinams ir merginoms. Su m\u016bs\u0173 d\u017eemperiu i\u0161siskirsite minioje ir jausit\u0117s puikiai.<\/p>\n<p><strong>Prek\u0117s savyb\u0117s<\/strong>\u00a0\u2013 Pasi\u016btas i\u0161 auk\u0161\u010diausios kokyb\u0117s Itali\u0161kos juodos med\u017eiagos \u2013 Apvalus baliono stiliaus modelis, u\u017etikrinantis geriausi\u0105 i\u0161vaizd\u0105 ir laisv\u0105 kritim\u0105 \u2013 3D siuvin\u0117tas DJA logotipas \u2013 Padidintas, dvigubas kapi\u0161onas \u2013 Keng\u016bros ki\u0161en\u0117 \u2013 Mink\u0161ta etiket\u0117 u\u017etikrinti maksimal\u0173 patogumo jausm\u0105. Etiket\u0117 taip pat yra su originaliu \u0161ilkografi\u0161kai atspausdintu DJA WEAR logotipu<\/p>\n<p><strong>Dydis<\/strong>. Oversize, pritaikytas visiems. Nugaros ilgis 74 cm.<\/p>\n<p><strong>Sud\u0117tis<\/strong>. 95% medviln\u0117s 5% elastano.<\/p>","protected":false},"excerpt":{"rendered":"<p>I\u0161siskirk minioje su m\u016bs\u0173 nuostabiu, rank\u0173 darbo d\u017eemperiu!<\/p>\n<p>Puikiai jausit\u0117s ir \u012fsp\u016bdingai atrodysite su unisex DJA unikalaus dizaino oversize d\u017eemperiu su kapi\u0161onu pritaikytu visiems.<\/p>","protected":false},"featured_media":106629,"comment_status":"open","ping_status":"closed","template":"","meta":{"_acf_changed":false},"product_brand":[],"product_cat":[103],"product_tag":[],"class_list":{"0":"post-109181","1":"product","2":"type-product","3":"status-publish","4":"has-post-thumbnail","6":"product_cat-prekes","8":"first","9":"instock","10":"shipping-taxable","11":"purchasable","12":"product-type-simple"},"acf":[],"yoast_head":"<!-- This site is optimized with the Yoast SEO plugin v27.4 - https:\/\/yoast.com\/product\/yoast-seo-wordpress\/ -->\n<title>DJA Hooded D\u017eemperis - DJ Akademija<\/title>\n<meta name=\"robots\" content=\"index, follow, max-snippet:-1, max-image-preview:large, max-video-preview:-1\" \/>\n<link rel=\"canonical\" href=\"https:\/\/djakademija.lt\/en\/product\/dja-hooded\/\" \/>\n<meta property=\"og:locale\" content=\"en_US\" \/>\n<meta property=\"og:type\" content=\"article\" \/>\n<meta property=\"og:title\" content=\"DJA Hooded D\u017eemperis - DJ Akademija\" \/>\n<meta property=\"og:description\" content=\"I\u0161siskirk minioje su m\u016bs\u0173 nuostabiu, rank\u0173 darbo d\u017eemperiu!  Puikiai jausit\u0117s ir \u012fsp\u016bdingai atrodysite su unisex DJA unikalaus dizaino oversize d\u017eemperiu su kapi\u0161onu pritaikytu visiems.\" \/>\n<meta property=\"og:url\" content=\"https:\/\/djakademija.lt\/en\/product\/dja-hooded\/\" \/>\n<meta property=\"og:site_name\" content=\"DJ Akademija\" \/>\n<meta property=\"article:modified_time\" content=\"2025-04-07T18:16:41+00:00\" \/>\n<meta property=\"og:image\" content=\"https:\/\/djakademija.lt\/wp-content\/uploads\/2023\/07\/Rectangle-68.png\" \/>\n\t<meta property=\"og:image:width\" content=\"1020\" \/>\n\t<meta property=\"og:image:height\" content=\"1020\" \/>\n\t<meta property=\"og:image:type\" content=\"image\/png\" \/>\n<meta name=\"twitter:card\" content=\"summary_large_image\" \/>\n<meta name=\"twitter:label1\" content=\"Est. reading time\" \/>\n\t<meta name=\"twitter:data1\" content=\"1 minute\" \/>\n<script type=\"application\/ld+json\" class=\"yoast-schema-graph\">{\"@context\":\"https:\\\/\\\/schema.org\",\"@graph\":[{\"@type\":\"WebPage\",\"@id\":\"https:\\\/\\\/djakademija.lt\\\/produktas\\\/dja-hooded\\\/\",\"url\":\"https:\\\/\\\/djakademija.lt\\\/produktas\\\/dja-hooded\\\/\",\"name\":\"DJA Hooded D\u017eemperis - DJ Akademija\",\"isPartOf\":{\"@id\":\"https:\\\/\\\/djakademija.lt\\\/#website\"},\"primaryImageOfPage\":{\"@id\":\"https:\\\/\\\/djakademija.lt\\\/produktas\\\/dja-hooded\\\/#primaryimage\"},\"image\":{\"@id\":\"https:\\\/\\\/djakademija.lt\\\/produktas\\\/dja-hooded\\\/#primaryimage\"},\"thumbnailUrl\":\"https:\\\/\\\/djakademija.lt\\\/wp-content\\\/uploads\\\/2023\\\/07\\\/Rectangle-68.png\",\"datePublished\":\"2025-01-10T13:40:16+00:00\",\"dateModified\":\"2025-04-07T18:16:41+00:00\",\"breadcrumb\":{\"@id\":\"https:\\\/\\\/djakademija.lt\\\/produktas\\\/dja-hooded\\\/#breadcrumb\"},\"inLanguage\":\"en-US\",\"potentialAction\":[{\"@type\":\"ReadAction\",\"target\":[\"https:\\\/\\\/djakademija.lt\\\/produktas\\\/dja-hooded\\\/\"]}]},{\"@type\":\"ImageObject\",\"inLanguage\":\"en-US\",\"@id\":\"https:\\\/\\\/djakademija.lt\\\/produktas\\\/dja-hooded\\\/#primaryimage\",\"url\":\"https:\\\/\\\/djakademija.lt\\\/wp-content\\\/uploads\\\/2023\\\/07\\\/Rectangle-68.png\",\"contentUrl\":\"https:\\\/\\\/djakademija.lt\\\/wp-content\\\/uploads\\\/2023\\\/07\\\/Rectangle-68.png\",\"width\":1020,\"height\":1020,\"caption\":\"dj akademija dzemperis\"},{\"@type\":\"BreadcrumbList\",\"@id\":\"https:\\\/\\\/djakademija.lt\\\/produktas\\\/dja-hooded\\\/#breadcrumb\",\"itemListElement\":[{\"@type\":\"ListItem\",\"position\":1,\"name\":\"Home\",\"item\":\"https:\\\/\\\/djakademija.lt\\\/\"},{\"@type\":\"ListItem\",\"position\":2,\"name\":\"Parduotuv\u0117\",\"item\":\"https:\\\/\\\/djakademija.lt\\\/parduotuve\\\/\"},{\"@type\":\"ListItem\",\"position\":3,\"name\":\"DJA Hooded D\u017eemperis\"}]},{\"@type\":\"WebSite\",\"@id\":\"https:\\\/\\\/djakademija.lt\\\/#website\",\"url\":\"https:\\\/\\\/djakademija.lt\\\/\",\"name\":\"DJ Akademija\",\"description\":\"\",\"publisher\":{\"@id\":\"https:\\\/\\\/djakademija.lt\\\/#organization\"},\"potentialAction\":[{\"@type\":\"SearchAction\",\"target\":{\"@type\":\"EntryPoint\",\"urlTemplate\":\"https:\\\/\\\/djakademija.lt\\\/?s={search_term_string}\"},\"query-input\":{\"@type\":\"PropertyValueSpecification\",\"valueRequired\":true,\"valueName\":\"search_term_string\"}}],\"inLanguage\":\"en-US\"},{\"@type\":\"Organization\",\"@id\":\"https:\\\/\\\/djakademija.lt\\\/#organization\",\"name\":\"DJ Akademija\",\"url\":\"https:\\\/\\\/djakademija.lt\\\/\",\"logo\":{\"@type\":\"ImageObject\",\"inLanguage\":\"en-US\",\"@id\":\"https:\\\/\\\/djakademija.lt\\\/#\\\/schema\\\/logo\\\/image\\\/\",\"url\":\"https:\\\/\\\/djakademija.lt\\\/wp-content\\\/uploads\\\/2023\\\/04\\\/Inner-Web-cover.jpg\",\"contentUrl\":\"https:\\\/\\\/djakademija.lt\\\/wp-content\\\/uploads\\\/2023\\\/04\\\/Inner-Web-cover.jpg\",\"width\":1801,\"height\":1013,\"caption\":\"DJ Akademija\"},\"image\":{\"@id\":\"https:\\\/\\\/djakademija.lt\\\/#\\\/schema\\\/logo\\\/image\\\/\"}}]}<\/script>\n<!-- \/ Yoast SEO plugin. -->","yoast_head_json":{"title":"DJA Hooded D\u017eemperis - DJ Akademija","robots":{"index":"index","follow":"follow","max-snippet":"max-snippet:-1","max-image-preview":"max-image-preview:large","max-video-preview":"max-video-preview:-1"},"canonical":"https:\/\/djakademija.lt\/en\/product\/dja-hooded\/","og_locale":"en_US","og_type":"article","og_title":"DJA Hooded D\u017eemperis - DJ Akademija","og_description":"I\u0161siskirk minioje su m\u016bs\u0173 nuostabiu, rank\u0173 darbo d\u017eemperiu!  Puikiai jausit\u0117s ir \u012fsp\u016bdingai atrodysite su unisex DJA unikalaus dizaino oversize d\u017eemperiu su kapi\u0161onu pritaikytu visiems.","og_url":"https:\/\/djakademija.lt\/en\/product\/dja-hooded\/","og_site_name":"DJ Akademija","article_modified_time":"2025-04-07T18:16:41+00:00","og_image":[{"width":1020,"height":1020,"url":"https:\/\/djakademija.lt\/wp-content\/uploads\/2023\/07\/Rectangle-68.png","type":"image\/png"}],"twitter_card":"summary_large_image","twitter_misc":{"Est. reading time":"1 minute"},"schema":{"@context":"https:\/\/schema.org","@graph":[{"@type":"WebPage","@id":"https:\/\/djakademija.lt\/produktas\/dja-hooded\/","url":"https:\/\/djakademija.lt\/produktas\/dja-hooded\/","name":"DJA Hooded D\u017eemperis - DJ Akademija","isPartOf":{"@id":"https:\/\/djakademija.lt\/#website"},"primaryImageOfPage":{"@id":"https:\/\/djakademija.lt\/produktas\/dja-hooded\/#primaryimage"},"image":{"@id":"https:\/\/djakademija.lt\/produktas\/dja-hooded\/#primaryimage"},"thumbnailUrl":"https:\/\/djakademija.lt\/wp-content\/uploads\/2023\/07\/Rectangle-68.png","datePublished":"2025-01-10T13:40:16+00:00","dateModified":"2025-04-07T18:16:41+00:00","breadcrumb":{"@id":"https:\/\/djakademija.lt\/produktas\/dja-hooded\/#breadcrumb"},"inLanguage":"en-US","potentialAction":[{"@type":"ReadAction","target":["https:\/\/djakademija.lt\/produktas\/dja-hooded\/"]}]},{"@type":"ImageObject","inLanguage":"en-US","@id":"https:\/\/djakademija.lt\/produktas\/dja-hooded\/#primaryimage","url":"https:\/\/djakademija.lt\/wp-content\/uploads\/2023\/07\/Rectangle-68.png","contentUrl":"https:\/\/djakademija.lt\/wp-content\/uploads\/2023\/07\/Rectangle-68.png","width":1020,"height":1020,"caption":"dj akademija dzemperis"},{"@type":"BreadcrumbList","@id":"https:\/\/djakademija.lt\/produktas\/dja-hooded\/#breadcrumb","itemListElement":[{"@type":"ListItem","position":1,"name":"Home","item":"https:\/\/djakademija.lt\/"},{"@type":"ListItem","position":2,"name":"Parduotuv\u0117","item":"https:\/\/djakademija.lt\/parduotuve\/"},{"@type":"ListItem","position":3,"name":"DJA Hooded D\u017eemperis"}]},{"@type":"WebSite","@id":"https:\/\/djakademija.lt\/#website","url":"https:\/\/djakademija.lt\/","name":"DJ Akademija","description":"","publisher":{"@id":"https:\/\/djakademija.lt\/#organization"},"potentialAction":[{"@type":"SearchAction","target":{"@type":"EntryPoint","urlTemplate":"https:\/\/djakademija.lt\/?s={search_term_string}"},"query-input":{"@type":"PropertyValueSpecification","valueRequired":true,"valueName":"search_term_string"}}],"inLanguage":"en-US"},{"@type":"Organization","@id":"https:\/\/djakademija.lt\/#organization","name":"DJ Akademija","url":"https:\/\/djakademija.lt\/","logo":{"@type":"ImageObject","inLanguage":"en-US","@id":"https:\/\/djakademija.lt\/#\/schema\/logo\/image\/","url":"https:\/\/djakademija.lt\/wp-content\/uploads\/2023\/04\/Inner-Web-cover.jpg","contentUrl":"https:\/\/djakademija.lt\/wp-content\/uploads\/2023\/04\/Inner-Web-cover.jpg","width":1801,"height":1013,"caption":"DJ Akademija"},"image":{"@id":"https:\/\/djakademija.lt\/#\/schema\/logo\/image\/"}}]}},"_links":{"self":[{"href":"https:\/\/djakademija.lt\/en\/wp-json\/wp\/v2\/product\/109181","targetHints":{"allow":["GET"]}}],"collection":[{"href":"https:\/\/djakademija.lt\/en\/wp-json\/wp\/v2\/product"}],"about":[{"href":"https:\/\/djakademija.lt\/en\/wp-json\/wp\/v2\/types\/product"}],"replies":[{"embeddable":true,"href":"https:\/\/djakademija.lt\/en\/wp-json\/wp\/v2\/comments?post=109181"}],"wp:featuredmedia":[{"embeddable":true,"href":"https:\/\/djakademija.lt\/en\/wp-json\/wp\/v2\/media\/106629"}],"wp:attachment":[{"href":"https:\/\/djakademija.lt\/en\/wp-json\/wp\/v2\/media?parent=109181"}],"wp:term":[{"taxonomy":"product_brand","embeddable":true,"href":"https:\/\/djakademija.lt\/en\/wp-json\/wp\/v2\/product_brand?post=109181"},{"taxonomy":"product_cat","embeddable":true,"href":"https:\/\/djakademija.lt\/en\/wp-json\/wp\/v2\/product_cat?post=109181"},{"taxonomy":"product_tag","embeddable":true,"href":"https:\/\/djakademija.lt\/en\/wp-json\/wp\/v2\/product_tag?post=109181"}],"curies":[{"name":"wp","href":"https:\/\/api.w.org\/{rel}","templated":true}]}}