{"id":109182,"date":"2025-01-10T13:43:47","date_gmt":"2025-01-10T13:43:47","guid":{"rendered":"https:\/\/djakademija.lt\/?post_type=product&#038;p=109182"},"modified":"2025-04-07T18:14:42","modified_gmt":"2025-04-07T18:14:42","slug":"dja-hoodie","status":"publish","type":"product","link":"https:\/\/djakademija.lt\/en\/product\/dja-hoodie\/","title":{"rendered":"DJA Hoodie D\u017eemperis"},"content":{"rendered":"<p>Tai ne tik d\u017eemperis, bet auk\u0161\u010diausios kokyb\u0117s rank\u0173 darbo pagamintas i\u0161skirtinai Lietuvoje vienetinis d\u017eemperis. I\u0161siskiriantis ne tik i\u0161kiliu 3D DJA logotipu, bet ir unisex oversize dyd\u017eiu, kuris skirtas visiems stiliaus entuziastams.<\/p>\n<p><strong>Prek\u0117s savyb\u0117s<\/strong> \u2013 Pasi\u016btas i\u0161 auk\u0161\u010diausios kokyb\u0117s Itali\u0161kos juodos med\u017eiagos \u2013 Apvalus baliono stiliaus modelis, u\u017etikrinantis geriausi\u0105 i\u0161vaizd\u0105 ir laisv\u0105 kritim\u0105 \u2013 3D siuvin\u0117tas DJA logotipas \u2013 Mink\u0161ta etiket\u0117 u\u017etikrinti maksimal\u0173 patogumo jausm\u0105. Etiket\u0117 taip pat yra su originaliu \u0161ilkografi\u0161kai atspausdintu DJA WEAR logotipu.<\/p>\n<p><strong>Dydis<\/strong>. Oversize, pritaikytas visiems. Nugaros ilgis 73 cm.<\/p>\n<p><strong>Sud\u0117tis<\/strong>. 95% medviln\u0117s 5% elastano.<\/p>","protected":false},"excerpt":{"rendered":"<p>\u012esp\u016bdingas d\u017eemperis su 3D DJA logotipu!<\/p>\n<p>Stilius, kokyb\u0117, ir minios \u017evilgsniai garantuoti.<\/p>","protected":false},"featured_media":106712,"comment_status":"open","ping_status":"closed","template":"","meta":{"_acf_changed":false},"product_brand":[],"product_cat":[103],"product_tag":[],"class_list":{"0":"post-109182","1":"product","2":"type-product","3":"status-publish","4":"has-post-thumbnail","6":"product_cat-prekes","8":"first","9":"instock","10":"shipping-taxable","11":"purchasable","12":"product-type-simple"},"acf":[],"yoast_head":"<!-- This site is optimized with the Yoast SEO plugin v27.4 - https:\/\/yoast.com\/product\/yoast-seo-wordpress\/ -->\n<title>DJA Hoodie D\u017eemperis - DJ Akademija<\/title>\n<meta name=\"robots\" content=\"index, follow, max-snippet:-1, max-image-preview:large, max-video-preview:-1\" \/>\n<link rel=\"canonical\" href=\"https:\/\/djakademija.lt\/en\/product\/dja-hoodie\/\" \/>\n<meta property=\"og:locale\" content=\"en_US\" \/>\n<meta property=\"og:type\" content=\"article\" \/>\n<meta property=\"og:title\" content=\"DJA Hoodie D\u017eemperis - DJ Akademija\" \/>\n<meta property=\"og:description\" content=\"\u012esp\u016bdingas d\u017eemperis su 3D DJA logotipu!  Stilius, kokyb\u0117, ir minios \u017evilgsniai garantuoti.\" \/>\n<meta property=\"og:url\" content=\"https:\/\/djakademija.lt\/en\/product\/dja-hoodie\/\" \/>\n<meta property=\"og:site_name\" content=\"DJ Akademija\" \/>\n<meta property=\"article:modified_time\" content=\"2025-04-07T18:14:42+00:00\" \/>\n<meta property=\"og:image\" content=\"https:\/\/djakademija.lt\/wp-content\/uploads\/2023\/07\/Image-size.png\" \/>\n\t<meta property=\"og:image:width\" content=\"900\" \/>\n\t<meta property=\"og:image:height\" content=\"900\" \/>\n\t<meta property=\"og:image:type\" content=\"image\/png\" \/>\n<meta name=\"twitter:card\" content=\"summary_large_image\" \/>\n<meta name=\"twitter:label1\" content=\"Est. reading time\" \/>\n\t<meta name=\"twitter:data1\" content=\"1 minute\" \/>\n<script type=\"application\/ld+json\" class=\"yoast-schema-graph\">{\"@context\":\"https:\\\/\\\/schema.org\",\"@graph\":[{\"@type\":\"WebPage\",\"@id\":\"https:\\\/\\\/djakademija.lt\\\/produktas\\\/dja-hoodie\\\/\",\"url\":\"https:\\\/\\\/djakademija.lt\\\/produktas\\\/dja-hoodie\\\/\",\"name\":\"DJA Hoodie D\u017eemperis - DJ Akademija\",\"isPartOf\":{\"@id\":\"https:\\\/\\\/djakademija.lt\\\/#website\"},\"primaryImageOfPage\":{\"@id\":\"https:\\\/\\\/djakademija.lt\\\/produktas\\\/dja-hoodie\\\/#primaryimage\"},\"image\":{\"@id\":\"https:\\\/\\\/djakademija.lt\\\/produktas\\\/dja-hoodie\\\/#primaryimage\"},\"thumbnailUrl\":\"https:\\\/\\\/djakademija.lt\\\/wp-content\\\/uploads\\\/2023\\\/07\\\/Image-size.png\",\"datePublished\":\"2025-01-10T13:43:47+00:00\",\"dateModified\":\"2025-04-07T18:14:42+00:00\",\"breadcrumb\":{\"@id\":\"https:\\\/\\\/djakademija.lt\\\/produktas\\\/dja-hoodie\\\/#breadcrumb\"},\"inLanguage\":\"en-US\",\"potentialAction\":[{\"@type\":\"ReadAction\",\"target\":[\"https:\\\/\\\/djakademija.lt\\\/produktas\\\/dja-hoodie\\\/\"]}]},{\"@type\":\"ImageObject\",\"inLanguage\":\"en-US\",\"@id\":\"https:\\\/\\\/djakademija.lt\\\/produktas\\\/dja-hoodie\\\/#primaryimage\",\"url\":\"https:\\\/\\\/djakademija.lt\\\/wp-content\\\/uploads\\\/2023\\\/07\\\/Image-size.png\",\"contentUrl\":\"https:\\\/\\\/djakademija.lt\\\/wp-content\\\/uploads\\\/2023\\\/07\\\/Image-size.png\",\"width\":900,\"height\":900,\"caption\":\"dj akademija dzemperis\"},{\"@type\":\"BreadcrumbList\",\"@id\":\"https:\\\/\\\/djakademija.lt\\\/produktas\\\/dja-hoodie\\\/#breadcrumb\",\"itemListElement\":[{\"@type\":\"ListItem\",\"position\":1,\"name\":\"Home\",\"item\":\"https:\\\/\\\/djakademija.lt\\\/\"},{\"@type\":\"ListItem\",\"position\":2,\"name\":\"Parduotuv\u0117\",\"item\":\"https:\\\/\\\/djakademija.lt\\\/parduotuve\\\/\"},{\"@type\":\"ListItem\",\"position\":3,\"name\":\"DJA Hoodie D\u017eemperis\"}]},{\"@type\":\"WebSite\",\"@id\":\"https:\\\/\\\/djakademija.lt\\\/#website\",\"url\":\"https:\\\/\\\/djakademija.lt\\\/\",\"name\":\"DJ Akademija\",\"description\":\"\",\"publisher\":{\"@id\":\"https:\\\/\\\/djakademija.lt\\\/#organization\"},\"potentialAction\":[{\"@type\":\"SearchAction\",\"target\":{\"@type\":\"EntryPoint\",\"urlTemplate\":\"https:\\\/\\\/djakademija.lt\\\/?s={search_term_string}\"},\"query-input\":{\"@type\":\"PropertyValueSpecification\",\"valueRequired\":true,\"valueName\":\"search_term_string\"}}],\"inLanguage\":\"en-US\"},{\"@type\":\"Organization\",\"@id\":\"https:\\\/\\\/djakademija.lt\\\/#organization\",\"name\":\"DJ Akademija\",\"url\":\"https:\\\/\\\/djakademija.lt\\\/\",\"logo\":{\"@type\":\"ImageObject\",\"inLanguage\":\"en-US\",\"@id\":\"https:\\\/\\\/djakademija.lt\\\/#\\\/schema\\\/logo\\\/image\\\/\",\"url\":\"https:\\\/\\\/djakademija.lt\\\/wp-content\\\/uploads\\\/2023\\\/04\\\/Inner-Web-cover.jpg\",\"contentUrl\":\"https:\\\/\\\/djakademija.lt\\\/wp-content\\\/uploads\\\/2023\\\/04\\\/Inner-Web-cover.jpg\",\"width\":1801,\"height\":1013,\"caption\":\"DJ Akademija\"},\"image\":{\"@id\":\"https:\\\/\\\/djakademija.lt\\\/#\\\/schema\\\/logo\\\/image\\\/\"}}]}<\/script>\n<!-- \/ Yoast SEO plugin. -->","yoast_head_json":{"title":"DJA Hoodie D\u017eemperis - DJ Akademija","robots":{"index":"index","follow":"follow","max-snippet":"max-snippet:-1","max-image-preview":"max-image-preview:large","max-video-preview":"max-video-preview:-1"},"canonical":"https:\/\/djakademija.lt\/en\/product\/dja-hoodie\/","og_locale":"en_US","og_type":"article","og_title":"DJA Hoodie D\u017eemperis - DJ Akademija","og_description":"\u012esp\u016bdingas d\u017eemperis su 3D DJA logotipu!  Stilius, kokyb\u0117, ir minios \u017evilgsniai garantuoti.","og_url":"https:\/\/djakademija.lt\/en\/product\/dja-hoodie\/","og_site_name":"DJ Akademija","article_modified_time":"2025-04-07T18:14:42+00:00","og_image":[{"width":900,"height":900,"url":"https:\/\/djakademija.lt\/wp-content\/uploads\/2023\/07\/Image-size.png","type":"image\/png"}],"twitter_card":"summary_large_image","twitter_misc":{"Est. reading time":"1 minute"},"schema":{"@context":"https:\/\/schema.org","@graph":[{"@type":"WebPage","@id":"https:\/\/djakademija.lt\/produktas\/dja-hoodie\/","url":"https:\/\/djakademija.lt\/produktas\/dja-hoodie\/","name":"DJA Hoodie D\u017eemperis - DJ Akademija","isPartOf":{"@id":"https:\/\/djakademija.lt\/#website"},"primaryImageOfPage":{"@id":"https:\/\/djakademija.lt\/produktas\/dja-hoodie\/#primaryimage"},"image":{"@id":"https:\/\/djakademija.lt\/produktas\/dja-hoodie\/#primaryimage"},"thumbnailUrl":"https:\/\/djakademija.lt\/wp-content\/uploads\/2023\/07\/Image-size.png","datePublished":"2025-01-10T13:43:47+00:00","dateModified":"2025-04-07T18:14:42+00:00","breadcrumb":{"@id":"https:\/\/djakademija.lt\/produktas\/dja-hoodie\/#breadcrumb"},"inLanguage":"en-US","potentialAction":[{"@type":"ReadAction","target":["https:\/\/djakademija.lt\/produktas\/dja-hoodie\/"]}]},{"@type":"ImageObject","inLanguage":"en-US","@id":"https:\/\/djakademija.lt\/produktas\/dja-hoodie\/#primaryimage","url":"https:\/\/djakademija.lt\/wp-content\/uploads\/2023\/07\/Image-size.png","contentUrl":"https:\/\/djakademija.lt\/wp-content\/uploads\/2023\/07\/Image-size.png","width":900,"height":900,"caption":"dj akademija dzemperis"},{"@type":"BreadcrumbList","@id":"https:\/\/djakademija.lt\/produktas\/dja-hoodie\/#breadcrumb","itemListElement":[{"@type":"ListItem","position":1,"name":"Home","item":"https:\/\/djakademija.lt\/"},{"@type":"ListItem","position":2,"name":"Parduotuv\u0117","item":"https:\/\/djakademija.lt\/parduotuve\/"},{"@type":"ListItem","position":3,"name":"DJA Hoodie D\u017eemperis"}]},{"@type":"WebSite","@id":"https:\/\/djakademija.lt\/#website","url":"https:\/\/djakademija.lt\/","name":"DJ Akademija","description":"","publisher":{"@id":"https:\/\/djakademija.lt\/#organization"},"potentialAction":[{"@type":"SearchAction","target":{"@type":"EntryPoint","urlTemplate":"https:\/\/djakademija.lt\/?s={search_term_string}"},"query-input":{"@type":"PropertyValueSpecification","valueRequired":true,"valueName":"search_term_string"}}],"inLanguage":"en-US"},{"@type":"Organization","@id":"https:\/\/djakademija.lt\/#organization","name":"DJ Akademija","url":"https:\/\/djakademija.lt\/","logo":{"@type":"ImageObject","inLanguage":"en-US","@id":"https:\/\/djakademija.lt\/#\/schema\/logo\/image\/","url":"https:\/\/djakademija.lt\/wp-content\/uploads\/2023\/04\/Inner-Web-cover.jpg","contentUrl":"https:\/\/djakademija.lt\/wp-content\/uploads\/2023\/04\/Inner-Web-cover.jpg","width":1801,"height":1013,"caption":"DJ Akademija"},"image":{"@id":"https:\/\/djakademija.lt\/#\/schema\/logo\/image\/"}}]}},"_links":{"self":[{"href":"https:\/\/djakademija.lt\/en\/wp-json\/wp\/v2\/product\/109182","targetHints":{"allow":["GET"]}}],"collection":[{"href":"https:\/\/djakademija.lt\/en\/wp-json\/wp\/v2\/product"}],"about":[{"href":"https:\/\/djakademija.lt\/en\/wp-json\/wp\/v2\/types\/product"}],"replies":[{"embeddable":true,"href":"https:\/\/djakademija.lt\/en\/wp-json\/wp\/v2\/comments?post=109182"}],"wp:featuredmedia":[{"embeddable":true,"href":"https:\/\/djakademija.lt\/en\/wp-json\/wp\/v2\/media\/106712"}],"wp:attachment":[{"href":"https:\/\/djakademija.lt\/en\/wp-json\/wp\/v2\/media?parent=109182"}],"wp:term":[{"taxonomy":"product_brand","embeddable":true,"href":"https:\/\/djakademija.lt\/en\/wp-json\/wp\/v2\/product_brand?post=109182"},{"taxonomy":"product_cat","embeddable":true,"href":"https:\/\/djakademija.lt\/en\/wp-json\/wp\/v2\/product_cat?post=109182"},{"taxonomy":"product_tag","embeddable":true,"href":"https:\/\/djakademija.lt\/en\/wp-json\/wp\/v2\/product_tag?post=109182"}],"curies":[{"name":"wp","href":"https:\/\/api.w.org\/{rel}","templated":true}]}}